{"id":2032,"date":"2016-03-21T10:46:10","date_gmt":"2016-03-21T10:46:10","guid":{"rendered":"https:\/\/sekvoiaseating.com\/product\/cultural-centers\/"},"modified":"2022-03-17T09:53:52","modified_gmt":"2022-03-17T09:53:52","slug":"kulturne-centra","status":"publish","type":"product","link":"https:\/\/sekvoiaseating.com\/sk\/product\/kulturne-centra\/","title":{"rendered":"Kult\u00farne centr\u00e1"},"content":{"rendered":"<p>Rovnako ako teleskopick\u00e9 trib\u00fany aj sedadl\u00e1 pre high class kult\u00farne centr\u00e1 funguj\u00fa ako variabiln\u00e9 rie\u0161enie multifunk\u010dn\u00e9ho priestoru. Tento fakt ocenia nielen kongresov\u00e9 centr\u00e1, ktor\u00fdch priestory musia by\u0165 flexibiln\u00e9 pod\u013ea aktu\u00e1lne organizovanej akcie.<\/p>\n<p>High class sedadl\u00e1 op\u00e4\u0165 vznikaj\u00fa presne pod\u013ea po\u017eiadaviek n\u00e1\u0161ho partnera, d\u00f4raz je kladen\u00fd na potreby div\u00e1kov a n\u00e1v\u0161tevn\u00edkov. Sedadl\u00e1 je tak mo\u017en\u00e9 navrhn\u00fa\u0165 ako polohovacie, s mal\u00fdmi p\u00edsac\u00edmi stol\u00edkmi, zabudovan\u00fdmi elektrick\u00fdmi z\u00e1suvkami, nab\u00edja\u010dkami \u010di USB pripojen\u00edm.<\/p>\n","protected":false},"featured_media":1516,"template":"","meta":{"ngg_post_thumbnail":0},"yoast_head":"<!-- This site is optimized with the Yoast SEO plugin v21.4 - https:\/\/yoast.com\/wordpress\/plugins\/seo\/ -->\n<title>Flexibiln\u00e9 rie\u0161enie pre kult\u00farne centr\u00e1 | Sekvoia<\/title>\n<meta name=\"description\" content=\"Sedadl\u00e1 pre high class kult\u00farne centr\u00e1 funguj\u00fa ako variabiln\u00e9 rie\u0161enie multifunk\u010dn\u00e9ho priestoru. Vhodn\u00e1 vo\u013eba pre kongresov\u00e9 s\u00e1ly.\" \/>\n<meta name=\"robots\" content=\"index, follow, max-snippet:-1, max-image-preview:large, max-video-preview:-1\" \/>\n<meta property=\"og:locale\" content=\"sk_SK\" \/>\n<meta property=\"og:type\" content=\"article\" \/>\n<meta property=\"og:title\" content=\"Flexibiln\u00e9 rie\u0161enie pre kult\u00farne centr\u00e1 | Sekvoia\" \/>\n<meta property=\"og:description\" content=\"Sedadl\u00e1 pre high class kult\u00farne centr\u00e1 funguj\u00fa ako variabiln\u00e9 rie\u0161enie multifunk\u010dn\u00e9ho priestoru. Vhodn\u00e1 vo\u013eba pre kongresov\u00e9 s\u00e1ly.\" \/>\n<meta property=\"og:url\" content=\"https:\/\/sekvoiaseating.com\/sk\/product\/kulturne-centra\/\" \/>\n<meta property=\"og:site_name\" content=\"Sekvoia\" \/>\n<meta property=\"article:modified_time\" content=\"2022-03-17T09:53:52+00:00\" \/>\n<meta property=\"og:image\" content=\"https:\/\/sekvoiaseating.com\/wp-content\/uploads\/2019\/02\/IMG_53981.jpg\" \/>\n\t<meta property=\"og:image:width\" content=\"992\" \/>\n\t<meta property=\"og:image:height\" content=\"651\" \/>\n\t<meta property=\"og:image:type\" content=\"image\/jpeg\" \/>\n<meta name=\"twitter:card\" content=\"summary_large_image\" \/>\n<!-- \/ Yoast SEO plugin. -->","yoast_head_json":{"title":"Flexibiln\u00e9 rie\u0161enie pre kult\u00farne centr\u00e1 | Sekvoia","description":"Sedadl\u00e1 pre high class kult\u00farne centr\u00e1 funguj\u00fa ako variabiln\u00e9 rie\u0161enie multifunk\u010dn\u00e9ho priestoru. Vhodn\u00e1 vo\u013eba pre kongresov\u00e9 s\u00e1ly.","robots":{"index":"index","follow":"follow","max-snippet":"max-snippet:-1","max-image-preview":"max-image-preview:large","max-video-preview":"max-video-preview:-1"},"og_locale":"sk_SK","og_type":"article","og_title":"Flexibiln\u00e9 rie\u0161enie pre kult\u00farne centr\u00e1 | Sekvoia","og_description":"Sedadl\u00e1 pre high class kult\u00farne centr\u00e1 funguj\u00fa ako variabiln\u00e9 rie\u0161enie multifunk\u010dn\u00e9ho priestoru. Vhodn\u00e1 vo\u013eba pre kongresov\u00e9 s\u00e1ly.","og_url":"https:\/\/sekvoiaseating.com\/sk\/product\/kulturne-centra\/","og_site_name":"Sekvoia","article_modified_time":"2022-03-17T09:53:52+00:00","og_image":[{"width":"992","height":"651","url":"https:\/\/sekvoiaseating.com\/wp-content\/uploads\/2019\/02\/IMG_53981.jpg","type":"image\/jpeg"}],"twitter_card":"summary_large_image","schema":{"@context":"https:\/\/schema.org","@graph":[{"@type":"WebPage","@id":"https:\/\/sekvoiaseating.com\/sk\/product\/kulturne-centra\/","url":"https:\/\/sekvoiaseating.com\/sk\/product\/kulturne-centra\/","name":"Flexibiln\u00e9 rie\u0161enie pre kult\u00farne centr\u00e1 | Sekvoia","isPartOf":{"@id":"https:\/\/sekvoiaseating.com\/sk\/#website"},"datePublished":"2016-03-21T10:46:10+00:00","dateModified":"2022-03-17T09:53:52+00:00","description":"Sedadl\u00e1 pre high class kult\u00farne centr\u00e1 funguj\u00fa ako variabiln\u00e9 rie\u0161enie multifunk\u010dn\u00e9ho priestoru. Vhodn\u00e1 vo\u013eba pre kongresov\u00e9 s\u00e1ly.","breadcrumb":{"@id":"https:\/\/sekvoiaseating.com\/sk\/product\/kulturne-centra\/#breadcrumb"},"inLanguage":"sk-SK","potentialAction":[{"@type":"ReadAction","target":["https:\/\/sekvoiaseating.com\/sk\/product\/kulturne-centra\/"]}]},{"@type":"BreadcrumbList","@id":"https:\/\/sekvoiaseating.com\/sk\/product\/kulturne-centra\/#breadcrumb","itemListElement":[{"@type":"ListItem","position":1,"name":"Home","item":"https:\/\/sekvoiaseating.com\/sk\/"},{"@type":"ListItem","position":2,"name":"Kult\u00farne centr\u00e1"}]},{"@type":"WebSite","@id":"https:\/\/sekvoiaseating.com\/sk\/#website","url":"https:\/\/sekvoiaseating.com\/sk\/","name":"Sekvoia","description":"","inLanguage":"sk-SK"}]}},"_links":{"self":[{"href":"https:\/\/sekvoiaseating.com\/sk\/wp-json\/wp\/v2\/product\/2032"}],"collection":[{"href":"https:\/\/sekvoiaseating.com\/sk\/wp-json\/wp\/v2\/product"}],"about":[{"href":"https:\/\/sekvoiaseating.com\/sk\/wp-json\/wp\/v2\/types\/product"}],"wp:featuredmedia":[{"embeddable":true,"href":"https:\/\/sekvoiaseating.com\/sk\/wp-json\/wp\/v2\/media\/1516"}],"wp:attachment":[{"href":"https:\/\/sekvoiaseating.com\/sk\/wp-json\/wp\/v2\/media?parent=2032"}],"curies":[{"name":"wp","href":"https:\/\/api.w.org\/{rel}","templated":true}]}}