{"id":2028,"date":"2016-03-21T10:46:23","date_gmt":"2016-03-21T10:46:23","guid":{"rendered":"https:\/\/sekvoiaseating.com\/product\/stadiums\/"},"modified":"2022-03-17T09:50:59","modified_gmt":"2022-03-17T09:50:59","slug":"stadiony","status":"publish","type":"product","link":"https:\/\/sekvoiaseating.com\/sk\/product\/stadiony\/","title":{"rendered":"\u0160tadi\u00f3ny"},"content":{"rendered":"<p>Jednoduch\u00e9 sklopn\u00e9 seda\u010dky \u0161etria priestor a pon\u00fakaj\u00fa div\u00e1kom viac priestoru a mo\u017enost\u00ed. Ka\u017ed\u00fd tak\u00fdto projekt prech\u00e1dza z\u00e1\u0165a\u017eov\u00fdm testom a db\u00e1me na to, aby sp\u013a\u0148al v\u0161etky bezpe\u010dnostn\u00e9 krit\u00e9ri\u00e1.<\/p>\n<p>\u0160peci\u00e1lnym druhom \u0161tadi\u00f3nov\u00fdch seda\u010diek s\u00fa VIP z\u00f3ny, ktor\u00e9 sa svojim \u0161t\u00fdlom bl\u00ed\u017eia high class sedadl\u00e1m pre kult\u00farne centr\u00e1. Pod\u013ea potrieb je mo\u017en\u00e9 zahrn\u00fa\u0165 do dizajnov\u00e9ho n\u00e1vrhu polohovanie, \u010dal\u00fanenie, elektronick\u00e9 pripojenie \u010di dokonca vyhrievanie alebo zabudovan\u00fa obrazovku v operadle.<\/p>\n","protected":false},"featured_media":1298,"template":"","meta":{"ngg_post_thumbnail":0},"yoast_head":"<!-- This site is optimized with the Yoast SEO plugin v21.4 - https:\/\/yoast.com\/wordpress\/plugins\/seo\/ -->\n<title>Sklopn\u00e9 seda\u010dky pre \u0161tadi\u00f3ny | Sekvoia<\/title>\n<meta name=\"description\" content=\"Jednoduch\u00e9 sklopn\u00e9 seda\u010dky \u0161etria priestor a pon\u00fakaj\u00fa div\u00e1kom viac pohodlia a mo\u017enost\u00ed. Zameriavame sa na vz\u00e1jomn\u00fd s\u00falad a harm\u00f3niu interi\u00e9ru a exteri\u00e9ru.\" \/>\n<meta name=\"robots\" content=\"index, follow, max-snippet:-1, max-image-preview:large, max-video-preview:-1\" \/>\n<meta property=\"og:locale\" content=\"sk_SK\" \/>\n<meta property=\"og:type\" content=\"article\" \/>\n<meta property=\"og:title\" content=\"Sklopn\u00e9 seda\u010dky pre \u0161tadi\u00f3ny | Sekvoia\" \/>\n<meta property=\"og:description\" content=\"Jednoduch\u00e9 sklopn\u00e9 seda\u010dky \u0161etria priestor a pon\u00fakaj\u00fa div\u00e1kom viac pohodlia a mo\u017enost\u00ed. Zameriavame sa na vz\u00e1jomn\u00fd s\u00falad a harm\u00f3niu interi\u00e9ru a exteri\u00e9ru.\" \/>\n<meta property=\"og:url\" content=\"https:\/\/sekvoiaseating.com\/sk\/product\/stadiony\/\" \/>\n<meta property=\"og:site_name\" content=\"Sekvoia\" \/>\n<meta property=\"article:modified_time\" content=\"2022-03-17T09:50:59+00:00\" \/>\n<meta property=\"og:image\" content=\"https:\/\/sekvoiaseating.com\/wp-content\/uploads\/2016\/04\/stadium.jpg\" \/>\n\t<meta property=\"og:image:width\" content=\"997\" \/>\n\t<meta property=\"og:image:height\" content=\"562\" \/>\n\t<meta property=\"og:image:type\" content=\"image\/jpeg\" \/>\n<meta name=\"twitter:card\" content=\"summary_large_image\" \/>\n<!-- \/ Yoast SEO plugin. -->","yoast_head_json":{"title":"Sklopn\u00e9 seda\u010dky pre \u0161tadi\u00f3ny | Sekvoia","description":"Jednoduch\u00e9 sklopn\u00e9 seda\u010dky \u0161etria priestor a pon\u00fakaj\u00fa div\u00e1kom viac pohodlia a mo\u017enost\u00ed. Zameriavame sa na vz\u00e1jomn\u00fd s\u00falad a harm\u00f3niu interi\u00e9ru a exteri\u00e9ru.","robots":{"index":"index","follow":"follow","max-snippet":"max-snippet:-1","max-image-preview":"max-image-preview:large","max-video-preview":"max-video-preview:-1"},"og_locale":"sk_SK","og_type":"article","og_title":"Sklopn\u00e9 seda\u010dky pre \u0161tadi\u00f3ny | Sekvoia","og_description":"Jednoduch\u00e9 sklopn\u00e9 seda\u010dky \u0161etria priestor a pon\u00fakaj\u00fa div\u00e1kom viac pohodlia a mo\u017enost\u00ed. Zameriavame sa na vz\u00e1jomn\u00fd s\u00falad a harm\u00f3niu interi\u00e9ru a exteri\u00e9ru.","og_url":"https:\/\/sekvoiaseating.com\/sk\/product\/stadiony\/","og_site_name":"Sekvoia","article_modified_time":"2022-03-17T09:50:59+00:00","og_image":[{"width":997,"height":562,"url":"https:\/\/sekvoiaseating.com\/wp-content\/uploads\/2016\/04\/stadium.jpg","type":"image\/jpeg"}],"twitter_card":"summary_large_image","schema":{"@context":"https:\/\/schema.org","@graph":[{"@type":"WebPage","@id":"https:\/\/sekvoiaseating.com\/sk\/product\/stadiony\/","url":"https:\/\/sekvoiaseating.com\/sk\/product\/stadiony\/","name":"Sklopn\u00e9 seda\u010dky pre \u0161tadi\u00f3ny | Sekvoia","isPartOf":{"@id":"https:\/\/sekvoiaseating.com\/sk\/#website"},"datePublished":"2016-03-21T10:46:23+00:00","dateModified":"2022-03-17T09:50:59+00:00","description":"Jednoduch\u00e9 sklopn\u00e9 seda\u010dky \u0161etria priestor a pon\u00fakaj\u00fa div\u00e1kom viac pohodlia a mo\u017enost\u00ed. Zameriavame sa na vz\u00e1jomn\u00fd s\u00falad a harm\u00f3niu interi\u00e9ru a exteri\u00e9ru.","breadcrumb":{"@id":"https:\/\/sekvoiaseating.com\/sk\/product\/stadiony\/#breadcrumb"},"inLanguage":"sk-SK","potentialAction":[{"@type":"ReadAction","target":["https:\/\/sekvoiaseating.com\/sk\/product\/stadiony\/"]}]},{"@type":"BreadcrumbList","@id":"https:\/\/sekvoiaseating.com\/sk\/product\/stadiony\/#breadcrumb","itemListElement":[{"@type":"ListItem","position":1,"name":"Home","item":"https:\/\/sekvoiaseating.com\/sk\/"},{"@type":"ListItem","position":2,"name":"\u0160tadi\u00f3ny"}]},{"@type":"WebSite","@id":"https:\/\/sekvoiaseating.com\/sk\/#website","url":"https:\/\/sekvoiaseating.com\/sk\/","name":"Sekvoia","description":"","inLanguage":"sk-SK"}]}},"_links":{"self":[{"href":"https:\/\/sekvoiaseating.com\/sk\/wp-json\/wp\/v2\/product\/2028"}],"collection":[{"href":"https:\/\/sekvoiaseating.com\/sk\/wp-json\/wp\/v2\/product"}],"about":[{"href":"https:\/\/sekvoiaseating.com\/sk\/wp-json\/wp\/v2\/types\/product"}],"wp:featuredmedia":[{"embeddable":true,"href":"https:\/\/sekvoiaseating.com\/sk\/wp-json\/wp\/v2\/media\/1298"}],"wp:attachment":[{"href":"https:\/\/sekvoiaseating.com\/sk\/wp-json\/wp\/v2\/media?parent=2028"}],"curies":[{"name":"wp","href":"https:\/\/api.w.org\/{rel}","templated":true}]}}