{"id":1755,"date":"2016-05-02T13:00:43","date_gmt":"2016-05-02T13:00:43","guid":{"rendered":"https:\/\/sekvoiaseating.com\/zasady-pouzivani-souboru-cookie\/"},"modified":"2024-10-18T10:07:01","modified_gmt":"2024-10-18T10:07:01","slug":"gdpr","status":"publish","type":"page","link":"https:\/\/sekvoiaseating.com\/sk\/gdpr\/","title":{"rendered":"Z\u00e1sady ochrany osobn\u00fdch \u00fadajov"},"content":{"rendered":"<p>V <strong>Sekvoia Seating<\/strong> si v\u00e1\u017eime va\u0161e s\u00fakromie a zav\u00e4zujeme sa chr\u00e1ni\u0165 osobn\u00e9 \u00fadaje, ktor\u00e9 n\u00e1m poskytujete. Tieto z\u00e1sady ochrany osobn\u00fdch \u00fadajov vysvet\u013euj\u00fa, ak\u00e9 osobn\u00e9 \u00fadaje zhroma\u017e\u010fujeme, ako ich pou\u017e\u00edvame, uchov\u00e1vame a ak\u00e9 m\u00e1te pr\u00e1va v s\u00falade so V\u0161eobecn\u00fdm nariaden\u00edm o ochrane \u00fadajov (GDPR).<\/p>\n<p><strong>1. Zhroma\u017e\u010fovanie osobn\u00fdch \u00fadajov<\/strong><br \/>\nZhroma\u017e\u010fujeme nasleduj\u00face osobn\u00e9 \u00fadaje, ktor\u00e9 n\u00e1m poskytujete:<\/p>\n<ul>\n<li>Meno a priezvisko<\/li>\n<li>E-mailov\u00fa adresu<\/li>\n<li>Telef\u00f3nne \u010d\u00edslo<\/li>\n<li>Adresu doru\u010denia<\/li>\n<\/ul>\n<p>Osobn\u00e9 \u00fadaje m\u00f4\u017eeme tie\u017e z\u00edskava\u0165 automaticky prostredn\u00edctvom cookies a in\u00fdch sledovac\u00edch technol\u00f3gi\u00ed, ako je uveden\u00e9 v na\u0161ich z\u00e1sad\u00e1ch pou\u017e\u00edvania cookies.<\/p>\n<p><strong>2. \u00da\u010dely sprac\u00favania osobn\u00fdch \u00fadajov<\/strong><br \/>\nVa\u0161e osobn\u00e9 \u00fadaje pou\u017e\u00edvame na nasleduj\u00face \u00fa\u010dely:<\/p>\n<ul>\n<li>Spracovanie a vybavenie objedn\u00e1vok<\/li>\n<li>Zasielanie marketingov\u00fdch a propaga\u010dn\u00fdch materi\u00e1lov (ak ste k tomu poskytli s\u00fahlas)<\/li>\n<li>Zlep\u0161ovanie na\u0161ich produktov a slu\u017eieb<\/li>\n<li>Komunik\u00e1cia so z\u00e1kazn\u00edkmi<\/li>\n<\/ul>\n<p><strong>3. Pr\u00e1vny z\u00e1klad sprac\u00favania<\/strong><br \/>\nVa\u0161e osobn\u00e9 \u00fadaje sprac\u00favame na z\u00e1klade nasleduj\u00facich pr\u00e1vnych z\u00e1kladov:<\/p>\n<ul>\n<li>Plnenie zmluvy<\/li>\n<li>S\u00fahlas, ktor\u00fd ste poskytli<\/li>\n<li>Opr\u00e1vnen\u00fd z\u00e1ujem na zlep\u0161ovan\u00ed na\u0161ich slu\u017eieb<\/li>\n<\/ul>\n<p><strong>4. Uchov\u00e1vanie osobn\u00fdch \u00fadajov<\/strong><br \/>\nVa\u0161e \u00fadaje uchov\u00e1vame po dobu potrebn\u00fa na plnenie \u00fa\u010delov, pre ktor\u00e9 boli zhroma\u017eden\u00e9, alebo v s\u00falade s pr\u00e1vnymi po\u017eiadavkami.<\/p>\n<p><strong>5. Zdie\u013eanie osobn\u00fdch \u00fadajov<\/strong><br \/>\nVa\u0161e osobn\u00e9 \u00fadaje nezdie\u013eame s tret\u00edmi stranami, pokia\u013e to nie je nevyhnutn\u00e9 na plnenie na\u0161ich zmluvn\u00fdch povinnost\u00ed alebo v s\u00falade s pr\u00e1vnymi predpismi.<\/p>\n<p><strong>6. Va\u0161e pr\u00e1va<\/strong><br \/>\nV s\u00falade s GDPR m\u00e1te pr\u00e1vo na pr\u00edstup k va\u0161im osobn\u00fdm \u00fadajom, ich opravu, v\u00fdmaz, obmedzenie sprac\u00favania, prenosite\u013enos\u0165 a pr\u00e1vo vznies\u0165 n\u00e1mietku. Ak si \u017eel\u00e1te uplatni\u0165 niektor\u00e9 z t\u00fdchto pr\u00e1v, kontaktujte n\u00e1s na e-mailovej adrese: [Vlo\u017ete e-mail].<\/p>\n<p><strong>7. Ochrana osobn\u00fdch \u00fadajov<\/strong><br \/>\nPrij\u00edmame technick\u00e9 a organiza\u010dn\u00e9 opatrenia na ochranu va\u0161ich osobn\u00fdch \u00fadajov pred neopr\u00e1vnen\u00fdm pr\u00edstupom, stratou alebo zneu\u017eit\u00edm.<\/p>\n<p><strong>8. Zmeny z\u00e1sad ochrany osobn\u00fdch \u00fadajov<\/strong><br \/>\nVyhradzujeme si pr\u00e1vo tieto z\u00e1sady kedyko\u013evek aktualizova\u0165. O zmen\u00e1ch v\u00e1s budeme informova\u0165 prostredn\u00edctvom n\u00e1\u0161ho webu.<\/p>\n","protected":false},"excerpt":{"rendered":"<p>V Sekvoia Seating si v\u00e1\u017eime va\u0161e s\u00fakromie a zav\u00e4zujeme sa chr\u00e1ni\u0165 osobn\u00e9 \u00fadaje, ktor\u00e9 n\u00e1m poskytujete. Tieto z\u00e1sady ochrany osobn\u00fdch \u00fadajov vysvet\u013euj\u00fa, ak\u00e9 osobn\u00e9 \u00fadaje<\/p>\n","protected":false},"author":1,"featured_media":0,"parent":0,"menu_order":0,"comment_status":"closed","ping_status":"closed","template":"","meta":{"ngg_post_thumbnail":0,"footnotes":""},"yoast_head":"<!-- This site is optimized with the Yoast SEO plugin v21.4 - https:\/\/yoast.com\/wordpress\/plugins\/seo\/ -->\n<title>Z\u00e1sady ochrany osobn\u00fdch \u00fadajov | Sekvoia<\/title>\n<meta name=\"robots\" content=\"index, follow, max-snippet:-1, max-image-preview:large, max-video-preview:-1\" \/>\n<meta property=\"og:locale\" content=\"sk_SK\" \/>\n<meta property=\"og:type\" content=\"article\" \/>\n<meta property=\"og:title\" content=\"Z\u00e1sady ochrany osobn\u00fdch \u00fadajov | Sekvoia\" \/>\n<meta property=\"og:description\" content=\"V Sekvoia Seating si v\u00e1\u017eime va\u0161e s\u00fakromie a zav\u00e4zujeme sa chr\u00e1ni\u0165 osobn\u00e9 \u00fadaje, ktor\u00e9 n\u00e1m poskytujete. Tieto z\u00e1sady ochrany osobn\u00fdch \u00fadajov vysvet\u013euj\u00fa, ak\u00e9 osobn\u00e9 \u00fadaje\" \/>\n<meta property=\"og:url\" content=\"https:\/\/sekvoiaseating.com\/sk\/gdpr\/\" \/>\n<meta property=\"og:site_name\" content=\"Sekvoia\" \/>\n<meta property=\"article:modified_time\" content=\"2024-10-18T10:07:01+00:00\" \/>\n<meta name=\"twitter:card\" content=\"summary_large_image\" \/>\n<meta name=\"twitter:label1\" content=\"Predpokladan\u00fd \u010das \u010d\u00edtania\" \/>\n\t<meta name=\"twitter:data1\" content=\"1 min\u00fata\" \/>\n<!-- \/ Yoast SEO plugin. -->","yoast_head_json":{"title":"Z\u00e1sady ochrany osobn\u00fdch \u00fadajov | Sekvoia","robots":{"index":"index","follow":"follow","max-snippet":"max-snippet:-1","max-image-preview":"max-image-preview:large","max-video-preview":"max-video-preview:-1"},"og_locale":"sk_SK","og_type":"article","og_title":"Z\u00e1sady ochrany osobn\u00fdch \u00fadajov | Sekvoia","og_description":"V Sekvoia Seating si v\u00e1\u017eime va\u0161e s\u00fakromie a zav\u00e4zujeme sa chr\u00e1ni\u0165 osobn\u00e9 \u00fadaje, ktor\u00e9 n\u00e1m poskytujete. Tieto z\u00e1sady ochrany osobn\u00fdch \u00fadajov vysvet\u013euj\u00fa, ak\u00e9 osobn\u00e9 \u00fadaje","og_url":"https:\/\/sekvoiaseating.com\/sk\/gdpr\/","og_site_name":"Sekvoia","article_modified_time":"2024-10-18T10:07:01+00:00","twitter_card":"summary_large_image","twitter_misc":{"Predpokladan\u00fd \u010das \u010d\u00edtania":"1 min\u00fata"},"schema":{"@context":"https:\/\/schema.org","@graph":[{"@type":"WebPage","@id":"https:\/\/sekvoiaseating.com\/sk\/gdpr\/","url":"https:\/\/sekvoiaseating.com\/sk\/gdpr\/","name":"Z\u00e1sady ochrany osobn\u00fdch \u00fadajov | Sekvoia","isPartOf":{"@id":"https:\/\/sekvoiaseating.com\/sk\/#website"},"datePublished":"2016-05-02T13:00:43+00:00","dateModified":"2024-10-18T10:07:01+00:00","breadcrumb":{"@id":"https:\/\/sekvoiaseating.com\/sk\/gdpr\/#breadcrumb"},"inLanguage":"sk-SK","potentialAction":[{"@type":"ReadAction","target":["https:\/\/sekvoiaseating.com\/sk\/gdpr\/"]}]},{"@type":"BreadcrumbList","@id":"https:\/\/sekvoiaseating.com\/sk\/gdpr\/#breadcrumb","itemListElement":[{"@type":"ListItem","position":1,"name":"Home","item":"https:\/\/sekvoiaseating.com\/sk\/"},{"@type":"ListItem","position":2,"name":"Z\u00e1sady ochrany osobn\u00fdch \u00fadajov"}]},{"@type":"WebSite","@id":"https:\/\/sekvoiaseating.com\/sk\/#website","url":"https:\/\/sekvoiaseating.com\/sk\/","name":"Sekvoia","description":"","inLanguage":"sk-SK"}]}},"_links":{"self":[{"href":"https:\/\/sekvoiaseating.com\/sk\/wp-json\/wp\/v2\/pages\/1755"}],"collection":[{"href":"https:\/\/sekvoiaseating.com\/sk\/wp-json\/wp\/v2\/pages"}],"about":[{"href":"https:\/\/sekvoiaseating.com\/sk\/wp-json\/wp\/v2\/types\/page"}],"author":[{"embeddable":true,"href":"https:\/\/sekvoiaseating.com\/sk\/wp-json\/wp\/v2\/users\/1"}],"replies":[{"embeddable":true,"href":"https:\/\/sekvoiaseating.com\/sk\/wp-json\/wp\/v2\/comments?post=1755"}],"version-history":[{"count":2,"href":"https:\/\/sekvoiaseating.com\/sk\/wp-json\/wp\/v2\/pages\/1755\/revisions"}],"predecessor-version":[{"id":2152,"href":"https:\/\/sekvoiaseating.com\/sk\/wp-json\/wp\/v2\/pages\/1755\/revisions\/2152"}],"wp:attachment":[{"href":"https:\/\/sekvoiaseating.com\/sk\/wp-json\/wp\/v2\/media?parent=1755"}],"curies":[{"name":"wp","href":"https:\/\/api.w.org\/{rel}","templated":true}]}}