{"id":1742,"date":"2016-03-18T15:42:46","date_gmt":"2016-03-18T15:42:46","guid":{"rendered":"https:\/\/sekvoiaseating.com\/about-us\/"},"modified":"2022-11-13T20:33:24","modified_gmt":"2022-11-13T20:33:24","slug":"o-nas","status":"publish","type":"page","link":"https:\/\/sekvoiaseating.com\/sk\/o-nas\/","title":{"rendered":"O n\u00e1s"},"content":{"rendered":"<p><strong>N\u00e1\u0161 pr\u00edbeh<\/strong><\/p>\n<p>Trib\u00fany a&nbsp;sedadl\u00e1 na futbalov\u00fdch \u0161tadi\u00f3noch a&nbsp;v&nbsp;\u0161portov\u00fdch a&nbsp;multifunk\u010dn\u00fdch hal\u00e1ch, sedadl\u00e1 v&nbsp;kin\u00e1ch, kult\u00farnych domoch, divadl\u00e1ch, posluch\u00e1r\u0148ach, konferen\u010dn\u00fdch a&nbsp;kongresov\u00fdch s\u00e1loch, v&nbsp;dom\u00e1cich kin\u00e1ch, planet\u00e1ri\u00e1ch a&nbsp;dokonca aj na presl\u00e1ven\u00fdch v\u00fdletn\u00fdch lodiach. Viac ne\u017e <strong>15-ro\u010dn\u00e1 sk\u00fasenos\u0165<\/strong> n\u00e1m pon\u00faka dostato\u010dn\u00fd rozh\u013ead v&nbsp;obore, nezab\u00fadame v\u0161ak sledova\u0165 modern\u00e9 projekty a&nbsp;aktu\u00e1lne trendy. <strong>Celosvetovo uzn\u00e1van\u00e9 certifik\u00e1ty<\/strong> na pou\u017e\u00edvan\u00e9 komponenty, \u00fazka spolupr\u00e1ca so sk\u00fa\u0161ob\u0148ou, ktor\u00e1 vykon\u00e1va akustick\u00e9 merania a<strong>&nbsp;statick\u00e9 testy v\u00fdrobkov<\/strong> zais\u0165uj\u00fa <strong>bezpe\u010dnos\u0165<\/strong> a&nbsp;nez\u00e1vadnos\u0165 na\u0161ich produktov.<\/p>\n<!-- default-view.php -->\n<div\n\tclass=\"ngg-galleryoverview default-view  ngg-ajax-pagination-none\"\n\tid=\"ngg-gallery-48bdff70d8b48f99c92bc8fcadd5483b-1\">\n\n\t\t<!-- Thumbnails -->\n\t\t\t\t<div id=\"ngg-image-0\" class=\"ngg-gallery-thumbnail-box \" >\n\t\t\t\t        <div class=\"ngg-gallery-thumbnail\">\n            <a href=\"https:\/\/sekvoiaseating.com\/wp-content\/gallery\/o-nas\/freza-3.jpg.png\"\n               title=\"\"\n               data-src=\"https:\/\/sekvoiaseating.com\/wp-content\/gallery\/o-nas\/freza-3.jpg.png\"\n               data-thumbnail=\"https:\/\/sekvoiaseating.com\/wp-content\/gallery\/o-nas\/thumbs\/thumbs_freza-3.jpg.png\"\n               data-image-id=\"40\"\n               data-title=\"freza-3.jpg\"\n               data-description=\"\"\n               data-image-slug=\"freza-3-jpg\"\n               class=\"ngg-fancybox\" rel=\"48bdff70d8b48f99c92bc8fcadd5483b\">\n                <img\n                    title=\"freza-3.jpg\"\n                    alt=\"freza-3.jpg\"\n                    src=\"https:\/\/sekvoiaseating.com\/wp-content\/gallery\/o-nas\/thumbs\/thumbs_freza-3.jpg.png\"\n                    width=\"174\"\n                    height=\"123\"\n                    style=\"max-width:100%;\"\n                \/>\n            <\/a>\n        <\/div>\n\t\t\t\t\t\t\t<\/div> \n\t\t\t\n\t\t\t\t<div id=\"ngg-image-1\" class=\"ngg-gallery-thumbnail-box \" >\n\t\t\t\t        <div class=\"ngg-gallery-thumbnail\">\n            <a href=\"https:\/\/sekvoiaseating.com\/wp-content\/gallery\/o-nas\/freza-hlavni.jpg\"\n               title=\"\"\n               data-src=\"https:\/\/sekvoiaseating.com\/wp-content\/gallery\/o-nas\/freza-hlavni.jpg\"\n               data-thumbnail=\"https:\/\/sekvoiaseating.com\/wp-content\/gallery\/o-nas\/thumbs\/thumbs_freza-hlavni.jpg\"\n               data-image-id=\"39\"\n               data-title=\"freza-hlavni\"\n               data-description=\"\"\n               data-image-slug=\"freza-hlavni\"\n               class=\"ngg-fancybox\" rel=\"48bdff70d8b48f99c92bc8fcadd5483b\">\n                <img\n                    title=\"freza-hlavni\"\n                    alt=\"freza-hlavni\"\n                    src=\"https:\/\/sekvoiaseating.com\/wp-content\/gallery\/o-nas\/thumbs\/thumbs_freza-hlavni.jpg\"\n                    width=\"174\"\n                    height=\"123\"\n                    style=\"max-width:100%;\"\n                \/>\n            <\/a>\n        <\/div>\n\t\t\t\t\t\t\t<\/div> \n\t\t\t\n\t\t\t\t<div id=\"ngg-image-2\" class=\"ngg-gallery-thumbnail-box \" >\n\t\t\t\t        <div class=\"ngg-gallery-thumbnail\">\n            <a href=\"https:\/\/sekvoiaseating.com\/wp-content\/gallery\/o-nas\/laser-2.jpg\"\n               title=\"\"\n               data-src=\"https:\/\/sekvoiaseating.com\/wp-content\/gallery\/o-nas\/laser-2.jpg\"\n               data-thumbnail=\"https:\/\/sekvoiaseating.com\/wp-content\/gallery\/o-nas\/thumbs\/thumbs_laser-2.jpg\"\n               data-image-id=\"38\"\n               data-title=\"laser-2\"\n               data-description=\"\"\n               data-image-slug=\"laser-2\"\n               class=\"ngg-fancybox\" rel=\"48bdff70d8b48f99c92bc8fcadd5483b\">\n                <img\n                    title=\"laser-2\"\n                    alt=\"laser-2\"\n                    src=\"https:\/\/sekvoiaseating.com\/wp-content\/gallery\/o-nas\/thumbs\/thumbs_laser-2.jpg\"\n                    width=\"174\"\n                    height=\"123\"\n                    style=\"max-width:100%;\"\n                \/>\n            <\/a>\n        <\/div>\n\t\t\t\t\t\t\t<\/div> \n\t\t\t\n\t\n\t<br style=\"clear: both\" \/>\n\n\t\t<div class=\"slideshowlink\">\n        <a href='https:\/\/sekvoiaseating.com\/sk\/o-nas\/nggallery\/slideshow'>[Show slideshow]<\/a>\n\t\t\n\t<\/div>\n\t\n\t\t<!-- Pagination -->\n\t<div class='ngg-clear'><\/div>\t<\/div>\n\n<p>V\u010faka tomuto komplexn\u00e9mu poh\u013eadu <strong>spolupracujeme<\/strong> nielen <strong>s&nbsp;tuzemsk\u00fdmi, ale aj so zahrani\u010dn\u00fdmi klientami<\/strong> z&nbsp;Nemecka, Rak\u00faska, Franc\u00fazska, Belgicka a&nbsp;\u0160kandin\u00e1vie, pre ktor\u00fdch navrhujeme<strong> indoorov\u00e9 a&nbsp;outdoorov\u00e9 sedenia<\/strong> priamo na mieru.<\/p>\n<p>Podp\u00edsa\u0165 sa m\u00f4\u017eeme napr\u00edklad pod tak\u00e9 projekty ako Letzigrund Stadion v Z\u00fcrichu, Allianz Arenu v Mn\u00edchove \u010di Oslo Spektrum.<\/p>\n<p>&nbsp;<\/p>\n<h4>Kontaktujte n\u00e1s a my V\u00e1m pon\u00fakneme to najlep\u0161ie z na\u0161ich produktov<\/h4>\n\n<div class=\"wpcf7 no-js\" id=\"wpcf7-f2067-o1\" lang=\"cs-CZ\" dir=\"ltr\">\n<div class=\"screen-reader-response\"><p role=\"status\" aria-live=\"polite\" aria-atomic=\"true\"><\/p> <ul><\/ul><\/div>\n<form action=\"\/sk\/wp-json\/wp\/v2\/pages\/1742#wpcf7-f2067-o1\" method=\"post\" class=\"wpcf7-form init\" aria-label=\"Kontaktn\u00ed formul\u00e1\u0159\" novalidate=\"novalidate\" data-status=\"init\">\n<div style=\"display: none;\">\n<input type=\"hidden\" name=\"_wpcf7\" value=\"2067\" \/>\n<input type=\"hidden\" name=\"_wpcf7_version\" value=\"5.8.1\" \/>\n<input type=\"hidden\" name=\"_wpcf7_locale\" value=\"cs_CZ\" \/>\n<input type=\"hidden\" name=\"_wpcf7_unit_tag\" value=\"wpcf7-f2067-o1\" \/>\n<input type=\"hidden\" name=\"_wpcf7_container_post\" value=\"0\" \/>\n<input type=\"hidden\" name=\"_wpcf7_posted_data_hash\" value=\"\" \/>\n<input type=\"hidden\" name=\"_wpcf7_recaptcha_response\" value=\"\" \/>\n<\/div>\n<p><label> Va\u0161e meno<br \/>\n<span class=\"wpcf7-form-control-wrap\" data-name=\"your-name\"><input size=\"40\" class=\"wpcf7-form-control wpcf7-text wpcf7-validates-as-required\" aria-required=\"true\" aria-invalid=\"false\" value=\"\" type=\"text\" name=\"your-name\" \/><\/span> <\/label>\n<\/p>\n<p><label> V\u00e1\u0161 e-mail<br \/>\n<span class=\"wpcf7-form-control-wrap\" data-name=\"your-email\"><input size=\"40\" class=\"wpcf7-form-control wpcf7-email wpcf7-validates-as-required wpcf7-text wpcf7-validates-as-email\" aria-required=\"true\" aria-invalid=\"false\" value=\"\" type=\"email\" name=\"your-email\" \/><\/span> <\/label>\n<\/p>\n<p><label> Predmet<br \/>\n<span class=\"wpcf7-form-control-wrap\" data-name=\"your-subject\"><input size=\"40\" class=\"wpcf7-form-control wpcf7-text wpcf7-validates-as-required\" aria-required=\"true\" aria-invalid=\"false\" value=\"\" type=\"text\" name=\"your-subject\" \/><\/span> <\/label>\n<\/p>\n<p><label> Va\u0161a spr\u00e1va (voliteln\u00fd)<br \/>\n<span class=\"wpcf7-form-control-wrap\" data-name=\"your-message\"><textarea cols=\"40\" rows=\"10\" class=\"wpcf7-form-control wpcf7-textarea\" aria-invalid=\"false\" name=\"your-message\"><\/textarea><\/span> <\/label>\n<\/p>\n<p><input class=\"wpcf7-form-control wpcf7-submit has-spinner\" type=\"submit\" value=\"Odosla\u0165\" \/>\n<\/p><p style=\"display: none !important;\"><label>&#916;<textarea name=\"_wpcf7_ak_hp_textarea\" cols=\"45\" rows=\"8\" maxlength=\"100\"><\/textarea><\/label><input type=\"hidden\" id=\"ak_js_1\" name=\"_wpcf7_ak_js\" value=\"48\"\/><script>document.getElementById( \"ak_js_1\" ).setAttribute( \"value\", ( new Date() ).getTime() );<\/script><\/p><div class=\"wpcf7-response-output\" aria-hidden=\"true\"><\/div>\n<\/form>\n<\/div>\n\n","protected":false},"excerpt":{"rendered":"<p>Zameriavame sa na vz\u00e1jomn\u00fd s\u00falad a harm\u00f3niu interi\u00e9ru a exteri\u00e9ru a to vr\u00e1tane designu a vo\u013eby v\u00fdrobn\u00e9ho materi\u00e1lu na\u0161ich produktov. H\u013ead\u00e1me tak\u00e9 rie\u0161enia sedadiel, ktor\u00e9 dotvoria atmosf\u00e9ru priestoru ako tak\u00e9ho a podtrhn\u00fa jeho celkov\u00fd dojem. Technick\u00e9 a funk\u010dn\u00e9 parametre s\u00fa nevyhnutnou s\u00fa\u010das\u0165ou po\u010diato\u010dn\u00e9ho n\u00e1vrhu. Na\u0161ou v\u00edziou, ktor\u00e1 oslovuje st\u00e1le viac na\u0161ich z\u00e1kazn\u00edkov, je harmonick\u00e9 prepojenie designu, kvalitn\u00e9ho remeseln\u00e9ho spracovania a\u00a0ojedinel\u00fdch architektonick\u00fdch konceptov.<\/p>\n","protected":false},"author":1,"featured_media":0,"parent":0,"menu_order":0,"comment_status":"closed","ping_status":"closed","template":"page-templates\/template-aboutus.php","meta":{"ngg_post_thumbnail":0,"footnotes":""},"yoast_head":"<!-- This site is optimized with the Yoast SEO plugin v21.4 - https:\/\/yoast.com\/wordpress\/plugins\/seo\/ -->\n<title>Trib\u00fany a sedadla do v\u0161etk\u00fdch s\u00e1lov a \u0161portov\u00edsk| Sekvoia<\/title>\n<meta name=\"description\" content=\"Spoznajte kvalitu. Dod\u00e1vame trib\u00fany a sedadl\u00e1 na futbalov\u00e9 \u0161tadi\u00f3ny, do \u0161portov\u00fdch a multifunk\u010dn\u00fdch h\u00e1l, do k\u00edn, kult\u00farnych s\u00e1lov, divadiel, posluch\u00e1rn\u00ed, konferen\u010dn\u00fdch a kongresov\u00fdch s\u00e1l, i na v\u00fdletn\u00e9 lode.\" \/>\n<meta name=\"robots\" content=\"index, follow, max-snippet:-1, max-image-preview:large, max-video-preview:-1\" \/>\n<meta property=\"og:locale\" content=\"sk_SK\" \/>\n<meta property=\"og:type\" content=\"article\" \/>\n<meta property=\"og:title\" content=\"Trib\u00fany a sedadla do v\u0161etk\u00fdch s\u00e1lov a \u0161portov\u00edsk| Sekvoia\" \/>\n<meta property=\"og:description\" content=\"Spoznajte kvalitu. Dod\u00e1vame trib\u00fany a sedadl\u00e1 na futbalov\u00e9 \u0161tadi\u00f3ny, do \u0161portov\u00fdch a multifunk\u010dn\u00fdch h\u00e1l, do k\u00edn, kult\u00farnych s\u00e1lov, divadiel, posluch\u00e1rn\u00ed, konferen\u010dn\u00fdch a kongresov\u00fdch s\u00e1l, i na v\u00fdletn\u00e9 lode.\" \/>\n<meta property=\"og:url\" content=\"https:\/\/sekvoiaseating.com\/sk\/o-nas\/\" \/>\n<meta property=\"og:site_name\" content=\"Sekvoia\" \/>\n<meta property=\"article:modified_time\" content=\"2022-11-13T20:33:24+00:00\" \/>\n<meta name=\"twitter:card\" content=\"summary_large_image\" \/>\n<meta name=\"twitter:label1\" content=\"Predpokladan\u00fd \u010das \u010d\u00edtania\" \/>\n\t<meta name=\"twitter:data1\" content=\"1 min\u00fata\" \/>\n<!-- \/ Yoast SEO plugin. -->","yoast_head_json":{"title":"Trib\u00fany a sedadla do v\u0161etk\u00fdch s\u00e1lov a \u0161portov\u00edsk| Sekvoia","description":"Spoznajte kvalitu. Dod\u00e1vame trib\u00fany a sedadl\u00e1 na futbalov\u00e9 \u0161tadi\u00f3ny, do \u0161portov\u00fdch a multifunk\u010dn\u00fdch h\u00e1l, do k\u00edn, kult\u00farnych s\u00e1lov, divadiel, posluch\u00e1rn\u00ed, konferen\u010dn\u00fdch a kongresov\u00fdch s\u00e1l, i na v\u00fdletn\u00e9 lode.","robots":{"index":"index","follow":"follow","max-snippet":"max-snippet:-1","max-image-preview":"max-image-preview:large","max-video-preview":"max-video-preview:-1"},"og_locale":"sk_SK","og_type":"article","og_title":"Trib\u00fany a sedadla do v\u0161etk\u00fdch s\u00e1lov a \u0161portov\u00edsk| Sekvoia","og_description":"Spoznajte kvalitu. Dod\u00e1vame trib\u00fany a sedadl\u00e1 na futbalov\u00e9 \u0161tadi\u00f3ny, do \u0161portov\u00fdch a multifunk\u010dn\u00fdch h\u00e1l, do k\u00edn, kult\u00farnych s\u00e1lov, divadiel, posluch\u00e1rn\u00ed, konferen\u010dn\u00fdch a kongresov\u00fdch s\u00e1l, i na v\u00fdletn\u00e9 lode.","og_url":"https:\/\/sekvoiaseating.com\/sk\/o-nas\/","og_site_name":"Sekvoia","article_modified_time":"2022-11-13T20:33:24+00:00","twitter_card":"summary_large_image","twitter_misc":{"Predpokladan\u00fd \u010das \u010d\u00edtania":"1 min\u00fata"},"schema":{"@context":"https:\/\/schema.org","@graph":[{"@type":"WebPage","@id":"https:\/\/sekvoiaseating.com\/sk\/o-nas\/","url":"https:\/\/sekvoiaseating.com\/sk\/o-nas\/","name":"Trib\u00fany a sedadla do v\u0161etk\u00fdch s\u00e1lov a \u0161portov\u00edsk| Sekvoia","isPartOf":{"@id":"https:\/\/sekvoiaseating.com\/sk\/#website"},"datePublished":"2016-03-18T15:42:46+00:00","dateModified":"2022-11-13T20:33:24+00:00","description":"Spoznajte kvalitu. Dod\u00e1vame trib\u00fany a sedadl\u00e1 na futbalov\u00e9 \u0161tadi\u00f3ny, do \u0161portov\u00fdch a multifunk\u010dn\u00fdch h\u00e1l, do k\u00edn, kult\u00farnych s\u00e1lov, divadiel, posluch\u00e1rn\u00ed, konferen\u010dn\u00fdch a kongresov\u00fdch s\u00e1l, i na v\u00fdletn\u00e9 lode.","breadcrumb":{"@id":"https:\/\/sekvoiaseating.com\/sk\/o-nas\/#breadcrumb"},"inLanguage":"sk-SK","potentialAction":[{"@type":"ReadAction","target":["https:\/\/sekvoiaseating.com\/sk\/o-nas\/"]}]},{"@type":"BreadcrumbList","@id":"https:\/\/sekvoiaseating.com\/sk\/o-nas\/#breadcrumb","itemListElement":[{"@type":"ListItem","position":1,"name":"Home","item":"https:\/\/sekvoiaseating.com\/sk\/"},{"@type":"ListItem","position":2,"name":"O n\u00e1s"}]},{"@type":"WebSite","@id":"https:\/\/sekvoiaseating.com\/sk\/#website","url":"https:\/\/sekvoiaseating.com\/sk\/","name":"Sekvoia","description":"","inLanguage":"sk-SK"}]}},"_links":{"self":[{"href":"https:\/\/sekvoiaseating.com\/sk\/wp-json\/wp\/v2\/pages\/1742"}],"collection":[{"href":"https:\/\/sekvoiaseating.com\/sk\/wp-json\/wp\/v2\/pages"}],"about":[{"href":"https:\/\/sekvoiaseating.com\/sk\/wp-json\/wp\/v2\/types\/page"}],"author":[{"embeddable":true,"href":"https:\/\/sekvoiaseating.com\/sk\/wp-json\/wp\/v2\/users\/1"}],"replies":[{"embeddable":true,"href":"https:\/\/sekvoiaseating.com\/sk\/wp-json\/wp\/v2\/comments?post=1742"}],"version-history":[{"count":6,"href":"https:\/\/sekvoiaseating.com\/sk\/wp-json\/wp\/v2\/pages\/1742\/revisions"}],"predecessor-version":[{"id":2068,"href":"https:\/\/sekvoiaseating.com\/sk\/wp-json\/wp\/v2\/pages\/1742\/revisions\/2068"}],"wp:attachment":[{"href":"https:\/\/sekvoiaseating.com\/sk\/wp-json\/wp\/v2\/media?parent=1742"}],"curies":[{"name":"wp","href":"https:\/\/api.w.org\/{rel}","templated":true}]}}