{"id":1728,"date":"2017-04-12T12:51:02","date_gmt":"2017-04-12T12:51:02","guid":{"rendered":"https:\/\/sekvoiaseating.com\/references\/"},"modified":"2022-03-10T12:38:33","modified_gmt":"2022-03-10T12:38:33","slug":"referencie","status":"publish","type":"page","link":"https:\/\/sekvoiaseating.com\/sk\/referencie\/","title":{"rendered":"Referencie"},"content":{"rendered":"","protected":false},"excerpt":{"rendered":"","protected":false},"author":2,"featured_media":0,"parent":0,"menu_order":0,"comment_status":"closed","ping_status":"closed","template":"page-templates\/template-refs.php","meta":{"ngg_post_thumbnail":0,"footnotes":""},"yoast_head":"<!-- This site is optimized with the Yoast SEO plugin v21.4 - https:\/\/yoast.com\/wordpress\/plugins\/seo\/ -->\n<title>Uk\u00e1\u017eka na\u0161ich dokon\u010den\u00fdch pr\u00e1c | Sekvoia<\/title>\n<meta name=\"description\" content=\"Hovor\u00ed za n\u00e1s na\u0161a pr\u00e1ca. Spolupracujeme nielen s tuzemsk\u00fdmi, ale aj zahrani\u010dn\u00fdmi klientmi z Nemecka, Rak\u00faska, Franc\u00fazska, Belgicka i \u0160kandin\u00e1vie. Presved\u010dte sa.\" \/>\n<meta name=\"robots\" content=\"index, follow, max-snippet:-1, max-image-preview:large, max-video-preview:-1\" \/>\n<meta property=\"og:locale\" content=\"sk_SK\" \/>\n<meta property=\"og:type\" content=\"article\" \/>\n<meta property=\"og:title\" content=\"Uk\u00e1\u017eka na\u0161ich dokon\u010den\u00fdch pr\u00e1c | Sekvoia\" \/>\n<meta property=\"og:description\" content=\"Hovor\u00ed za n\u00e1s na\u0161a pr\u00e1ca. Spolupracujeme nielen s tuzemsk\u00fdmi, ale aj zahrani\u010dn\u00fdmi klientmi z Nemecka, Rak\u00faska, Franc\u00fazska, Belgicka i \u0160kandin\u00e1vie. Presved\u010dte sa.\" \/>\n<meta property=\"og:url\" content=\"https:\/\/sekvoiaseating.com\/sk\/referencie\/\" \/>\n<meta property=\"og:site_name\" content=\"Sekvoia\" \/>\n<meta property=\"article:modified_time\" content=\"2022-03-10T12:38:33+00:00\" \/>\n<meta name=\"twitter:card\" content=\"summary_large_image\" \/>\n<!-- \/ Yoast SEO plugin. -->","yoast_head_json":{"title":"Uk\u00e1\u017eka na\u0161ich dokon\u010den\u00fdch pr\u00e1c | Sekvoia","description":"Hovor\u00ed za n\u00e1s na\u0161a pr\u00e1ca. Spolupracujeme nielen s tuzemsk\u00fdmi, ale aj zahrani\u010dn\u00fdmi klientmi z Nemecka, Rak\u00faska, Franc\u00fazska, Belgicka i \u0160kandin\u00e1vie. Presved\u010dte sa.","robots":{"index":"index","follow":"follow","max-snippet":"max-snippet:-1","max-image-preview":"max-image-preview:large","max-video-preview":"max-video-preview:-1"},"og_locale":"sk_SK","og_type":"article","og_title":"Uk\u00e1\u017eka na\u0161ich dokon\u010den\u00fdch pr\u00e1c | Sekvoia","og_description":"Hovor\u00ed za n\u00e1s na\u0161a pr\u00e1ca. Spolupracujeme nielen s tuzemsk\u00fdmi, ale aj zahrani\u010dn\u00fdmi klientmi z Nemecka, Rak\u00faska, Franc\u00fazska, Belgicka i \u0160kandin\u00e1vie. Presved\u010dte sa.","og_url":"https:\/\/sekvoiaseating.com\/sk\/referencie\/","og_site_name":"Sekvoia","article_modified_time":"2022-03-10T12:38:33+00:00","twitter_card":"summary_large_image","schema":{"@context":"https:\/\/schema.org","@graph":[{"@type":"WebPage","@id":"https:\/\/sekvoiaseating.com\/sk\/referencie\/","url":"https:\/\/sekvoiaseating.com\/sk\/referencie\/","name":"Uk\u00e1\u017eka na\u0161ich dokon\u010den\u00fdch pr\u00e1c | Sekvoia","isPartOf":{"@id":"https:\/\/sekvoiaseating.com\/sk\/#website"},"datePublished":"2017-04-12T12:51:02+00:00","dateModified":"2022-03-10T12:38:33+00:00","description":"Hovor\u00ed za n\u00e1s na\u0161a pr\u00e1ca. Spolupracujeme nielen s tuzemsk\u00fdmi, ale aj zahrani\u010dn\u00fdmi klientmi z Nemecka, Rak\u00faska, Franc\u00fazska, Belgicka i \u0160kandin\u00e1vie. Presved\u010dte sa.","breadcrumb":{"@id":"https:\/\/sekvoiaseating.com\/sk\/referencie\/#breadcrumb"},"inLanguage":"sk-SK","potentialAction":[{"@type":"ReadAction","target":["https:\/\/sekvoiaseating.com\/sk\/referencie\/"]}]},{"@type":"BreadcrumbList","@id":"https:\/\/sekvoiaseating.com\/sk\/referencie\/#breadcrumb","itemListElement":[{"@type":"ListItem","position":1,"name":"Home","item":"https:\/\/sekvoiaseating.com\/sk\/"},{"@type":"ListItem","position":2,"name":"Referencie"}]},{"@type":"WebSite","@id":"https:\/\/sekvoiaseating.com\/sk\/#website","url":"https:\/\/sekvoiaseating.com\/sk\/","name":"Sekvoia","description":"","inLanguage":"sk-SK"}]}},"_links":{"self":[{"href":"https:\/\/sekvoiaseating.com\/sk\/wp-json\/wp\/v2\/pages\/1728"}],"collection":[{"href":"https:\/\/sekvoiaseating.com\/sk\/wp-json\/wp\/v2\/pages"}],"about":[{"href":"https:\/\/sekvoiaseating.com\/sk\/wp-json\/wp\/v2\/types\/page"}],"author":[{"embeddable":true,"href":"https:\/\/sekvoiaseating.com\/sk\/wp-json\/wp\/v2\/users\/2"}],"replies":[{"embeddable":true,"href":"https:\/\/sekvoiaseating.com\/sk\/wp-json\/wp\/v2\/comments?post=1728"}],"version-history":[{"count":3,"href":"https:\/\/sekvoiaseating.com\/sk\/wp-json\/wp\/v2\/pages\/1728\/revisions"}],"predecessor-version":[{"id":1732,"href":"https:\/\/sekvoiaseating.com\/sk\/wp-json\/wp\/v2\/pages\/1728\/revisions\/1732"}],"wp:attachment":[{"href":"https:\/\/sekvoiaseating.com\/sk\/wp-json\/wp\/v2\/media?parent=1728"}],"curies":[{"name":"wp","href":"https:\/\/api.w.org\/{rel}","templated":true}]}}