{"id":1721,"date":"2017-04-28T09:08:38","date_gmt":"2017-04-28T09:08:38","guid":{"rendered":"https:\/\/sekvoiaseating.com\/renovation\/"},"modified":"2022-11-13T20:49:24","modified_gmt":"2022-11-13T20:49:24","slug":"renovacia","status":"publish","type":"page","link":"https:\/\/sekvoiaseating.com\/sk\/renovacia\/","title":{"rendered":"Renov\u00e1cia a repasia"},"content":{"rendered":"<h4 style=\"font-weight: 400;\"><strong>Hrav\u011b si porad\u00edme s renovac\u00ed i repas\u00ed jak\u00fdchkoliv interi\u00e9r\u016f<\/strong><\/h4>\n<p>Zub \u010dasu a pravideln\u00e9 pou\u017e\u00edv\u00e1n\u00ed zanech\u00e1 sv\u016fj otisk na v\u0161em. Ov\u0161em pokud jsou pou\u017eity kvalitn\u00ed materi\u00e1ly a funk\u010dn\u00ed vlastnosti jsou zachov\u00e1ny, tak to je\u0161t\u011b nemus\u00ed znamenat, \u017ee to pat\u0159\u00ed do star\u00e9ho \u017eeleza. Ne v\u017edy mus\u00ed doch\u00e1zet k v\u00fdm\u011bn\u011b opot\u0159ebovan\u00fdch d\u00edlc\u016f za nov\u00e9, proto\u017ee mnoh\u00e9 komponenty se \u010dasto daj\u00ed s velk\u00fdm \u00fasp\u011bchem repasovat nebo renovovat. &nbsp;Jde tak\u00e9 kombinovat repasi s dod\u00e1vkou nov\u00fdch komponent\u016f. Mluv\u00edme o materi\u00e1lech jako jsou d\u0159evo, ocel, hlin\u00edk, \u010daloun\u011bn\u00e9 v\u00fdrobky, ale tak\u00e9 plasty jako polypropylen, polyamid a dal\u0161\u00ed&#8230;<\/p>\n<p>Zam\u011b\u0159ujeme se na vz\u00e1jemn\u00fd soulad a harmonii interi\u00e9ru a exteri\u00e9ru, a to v\u010detn\u011b designu a volby v\u00fdrobn\u00edho materi\u00e1lu na\u0161ich produkt\u016f. Hled\u00e1me takov\u00e1 \u0159e\u0161en\u00ed designu prostoru a sezen\u00ed, kter\u00e1 dolad\u00ed jeho atmosf\u00e9ru a podtrhnou celkov\u00fd dojem. Technick\u00e9 a funk\u010dn\u00ed parametry jsou samoz\u0159ejmost\u00ed, kter\u00e1 je nezbytnou sou\u010d\u00e1st\u00ed po\u010d\u00e1te\u010dn\u00edho n\u00e1vrhu.<\/p>\n<h4>N\u00e1\u0161 p\u0159\u00edb\u011bh<\/h4>\n<p>Mezi na\u0161e reference pat\u0159\u00ed tribuny a sedadla na fotbalov\u00fdch stadionech, sportovn\u00edch a multifunk\u010dn\u00edch hal\u00e1ch, sedadla v kinech, kulturn\u00edch s\u00e1lech, divadlech, posluch\u00e1rn\u00e1ch, konferen\u010dn\u00edch a kongresov\u00fdch s\u00e1lech, v dom\u00e1c\u00edch kinech, planet\u00e1ri\u00edch a dokonce i na proslul\u00fdch v\u00fdletn\u00edch lod\u00edch.<\/p>\n<p>V\u00edce ne\u017e 20let\u00e1 zku\u0161enost n\u00e1m nab\u00edz\u00ed dostate\u010dn\u00fd rozhled v oboru, nezapom\u00edn\u00e1me v\u0161ak sledovat modern\u00ed projekty a nov\u00e9 trendy. Celosv\u011btov\u011b uzn\u00e1van\u00e9 certifik\u00e1ty na pou\u017e\u00edvan\u00e9 komponenty, \u00fazk\u00e1 spolupr\u00e1ce se zku\u0161ebnou, kter\u00e1 prov\u00e1d\u00ed akustick\u00e1 m\u011b\u0159en\u00ed a statick\u00e9 testy v\u00fdrobk\u016f zaji\u0161\u0165uj\u00ed bezpe\u010dnost a nez\u00e1vadnost na\u0161ich produkt\u016f.<\/p>\n<p>D\u00edky tomuto komplexn\u00edmu pohledu spolupracujeme nejen s&nbsp;tuzemsk\u00fdmi, ale i zahrani\u010dn\u00edmi klienty z&nbsp;N\u011bmecka, Rakouska, Francie, Belgie i Skandin\u00e1vie, pro kter\u00e9 navrhujeme indoorov\u00e1 i outdoorov\u00e1 sezen\u00ed p\u0159\u00edmo na m\u00edru.<\/p>\n<p>Podepsat u\u017e se m\u016f\u017eeme nap\u0159\u00edklad pod projekty jako Letzigrund Stadion Curych, Allianz Arena Mnichov nebo Oslo Spektrum.<\/p>\n<h4>Kontaktujte n\u00e1s a my V\u00e1m pon\u00fakneme to najlep\u0161ie z na\u0161ich produktov<\/h4>\n\n<div class=\"wpcf7 no-js\" id=\"wpcf7-f2067-o1\" lang=\"cs-CZ\" dir=\"ltr\">\n<div class=\"screen-reader-response\"><p role=\"status\" aria-live=\"polite\" aria-atomic=\"true\"><\/p> <ul><\/ul><\/div>\n<form action=\"\/sk\/wp-json\/wp\/v2\/pages\/1721#wpcf7-f2067-o1\" method=\"post\" class=\"wpcf7-form init\" aria-label=\"Kontaktn\u00ed formul\u00e1\u0159\" novalidate=\"novalidate\" data-status=\"init\">\n<div style=\"display: none;\">\n<input type=\"hidden\" name=\"_wpcf7\" value=\"2067\" \/>\n<input type=\"hidden\" name=\"_wpcf7_version\" value=\"5.8.1\" \/>\n<input type=\"hidden\" name=\"_wpcf7_locale\" value=\"cs_CZ\" \/>\n<input type=\"hidden\" name=\"_wpcf7_unit_tag\" value=\"wpcf7-f2067-o1\" \/>\n<input type=\"hidden\" name=\"_wpcf7_container_post\" value=\"0\" \/>\n<input type=\"hidden\" name=\"_wpcf7_posted_data_hash\" value=\"\" \/>\n<input type=\"hidden\" name=\"_wpcf7_recaptcha_response\" value=\"\" \/>\n<\/div>\n<p><label> Va\u0161e meno<br \/>\n<span class=\"wpcf7-form-control-wrap\" data-name=\"your-name\"><input size=\"40\" class=\"wpcf7-form-control wpcf7-text wpcf7-validates-as-required\" aria-required=\"true\" aria-invalid=\"false\" value=\"\" type=\"text\" name=\"your-name\" \/><\/span> <\/label>\n<\/p>\n<p><label> V\u00e1\u0161 e-mail<br \/>\n<span class=\"wpcf7-form-control-wrap\" data-name=\"your-email\"><input size=\"40\" class=\"wpcf7-form-control wpcf7-email wpcf7-validates-as-required wpcf7-text wpcf7-validates-as-email\" aria-required=\"true\" aria-invalid=\"false\" value=\"\" type=\"email\" name=\"your-email\" \/><\/span> <\/label>\n<\/p>\n<p><label> Predmet<br \/>\n<span class=\"wpcf7-form-control-wrap\" data-name=\"your-subject\"><input size=\"40\" class=\"wpcf7-form-control wpcf7-text wpcf7-validates-as-required\" aria-required=\"true\" aria-invalid=\"false\" value=\"\" type=\"text\" name=\"your-subject\" \/><\/span> <\/label>\n<\/p>\n<p><label> Va\u0161a spr\u00e1va (voliteln\u00fd)<br \/>\n<span class=\"wpcf7-form-control-wrap\" data-name=\"your-message\"><textarea cols=\"40\" rows=\"10\" class=\"wpcf7-form-control wpcf7-textarea\" aria-invalid=\"false\" name=\"your-message\"><\/textarea><\/span> <\/label>\n<\/p>\n<p><input class=\"wpcf7-form-control wpcf7-submit has-spinner\" type=\"submit\" value=\"Odosla\u0165\" \/>\n<\/p><p style=\"display: none !important;\"><label>&#916;<textarea name=\"_wpcf7_ak_hp_textarea\" cols=\"45\" rows=\"8\" maxlength=\"100\"><\/textarea><\/label><input type=\"hidden\" id=\"ak_js_1\" name=\"_wpcf7_ak_js\" value=\"35\"\/><script>document.getElementById( \"ak_js_1\" ).setAttribute( \"value\", ( new Date() ).getTime() );<\/script><\/p><div class=\"wpcf7-response-output\" aria-hidden=\"true\"><\/div>\n<\/form>\n<\/div>\n\n","protected":false},"excerpt":{"rendered":"<p>Hrav\u011b si porad\u00edme s renovac\u00ed i repas\u00ed jak\u00fdchkoliv interi\u00e9r\u016f Zub \u010dasu a pravideln\u00e9 pou\u017e\u00edv\u00e1n\u00ed zanech\u00e1 sv\u016fj otisk na v\u0161em. Ov\u0161em pokud jsou pou\u017eity kvalitn\u00ed materi\u00e1ly<\/p>\n","protected":false},"author":2,"featured_media":0,"parent":0,"menu_order":0,"comment_status":"closed","ping_status":"closed","template":"page-templates\/template-renovace.php","meta":{"ngg_post_thumbnail":0,"footnotes":""},"yoast_head":"<!-- This site is optimized with the Yoast SEO plugin v21.4 - https:\/\/yoast.com\/wordpress\/plugins\/seo\/ -->\n<title>Renov\u00e1cia a repasia | Sekvoia<\/title>\n<meta name=\"description\" content=\"Hravo si porad\u00edme s renov\u00e1ciou i repasiou ak\u00fdchko\u013evek seda\u010diek a trib\u00fan. Spojte sa s nami a pon\u00fakneme V\u00e1m to najlep\u0161ie.\" \/>\n<meta name=\"robots\" content=\"index, follow, max-snippet:-1, max-image-preview:large, max-video-preview:-1\" \/>\n<meta property=\"og:locale\" content=\"sk_SK\" \/>\n<meta property=\"og:type\" content=\"article\" \/>\n<meta property=\"og:title\" content=\"Renov\u00e1cia a repasia | Sekvoia\" \/>\n<meta property=\"og:description\" content=\"Hravo si porad\u00edme s renov\u00e1ciou i repasiou ak\u00fdchko\u013evek seda\u010diek a trib\u00fan. Spojte sa s nami a pon\u00fakneme V\u00e1m to najlep\u0161ie.\" \/>\n<meta property=\"og:url\" content=\"https:\/\/sekvoiaseating.com\/sk\/renovacia\/\" \/>\n<meta property=\"og:site_name\" content=\"Sekvoia\" \/>\n<meta property=\"article:modified_time\" content=\"2022-11-13T20:49:24+00:00\" \/>\n<meta name=\"twitter:card\" content=\"summary_large_image\" \/>\n<meta name=\"twitter:label1\" content=\"Predpokladan\u00fd \u010das \u010d\u00edtania\" \/>\n\t<meta name=\"twitter:data1\" content=\"2 min\u00faty\" \/>\n<!-- \/ Yoast SEO plugin. -->","yoast_head_json":{"title":"Renov\u00e1cia a repasia | Sekvoia","description":"Hravo si porad\u00edme s renov\u00e1ciou i repasiou ak\u00fdchko\u013evek seda\u010diek a trib\u00fan. Spojte sa s nami a pon\u00fakneme V\u00e1m to najlep\u0161ie.","robots":{"index":"index","follow":"follow","max-snippet":"max-snippet:-1","max-image-preview":"max-image-preview:large","max-video-preview":"max-video-preview:-1"},"og_locale":"sk_SK","og_type":"article","og_title":"Renov\u00e1cia a repasia | Sekvoia","og_description":"Hravo si porad\u00edme s renov\u00e1ciou i repasiou ak\u00fdchko\u013evek seda\u010diek a trib\u00fan. Spojte sa s nami a pon\u00fakneme V\u00e1m to najlep\u0161ie.","og_url":"https:\/\/sekvoiaseating.com\/sk\/renovacia\/","og_site_name":"Sekvoia","article_modified_time":"2022-11-13T20:49:24+00:00","twitter_card":"summary_large_image","twitter_misc":{"Predpokladan\u00fd \u010das \u010d\u00edtania":"2 min\u00faty"},"schema":{"@context":"https:\/\/schema.org","@graph":[{"@type":"WebPage","@id":"https:\/\/sekvoiaseating.com\/sk\/renovacia\/","url":"https:\/\/sekvoiaseating.com\/sk\/renovacia\/","name":"Renov\u00e1cia a repasia | Sekvoia","isPartOf":{"@id":"https:\/\/sekvoiaseating.com\/sk\/#website"},"datePublished":"2017-04-28T09:08:38+00:00","dateModified":"2022-11-13T20:49:24+00:00","description":"Hravo si porad\u00edme s renov\u00e1ciou i repasiou ak\u00fdchko\u013evek seda\u010diek a trib\u00fan. Spojte sa s nami a pon\u00fakneme V\u00e1m to najlep\u0161ie.","breadcrumb":{"@id":"https:\/\/sekvoiaseating.com\/sk\/renovacia\/#breadcrumb"},"inLanguage":"sk-SK","potentialAction":[{"@type":"ReadAction","target":["https:\/\/sekvoiaseating.com\/sk\/renovacia\/"]}]},{"@type":"BreadcrumbList","@id":"https:\/\/sekvoiaseating.com\/sk\/renovacia\/#breadcrumb","itemListElement":[{"@type":"ListItem","position":1,"name":"Home","item":"https:\/\/sekvoiaseating.com\/sk\/"},{"@type":"ListItem","position":2,"name":"Renov\u00e1cia a repasia"}]},{"@type":"WebSite","@id":"https:\/\/sekvoiaseating.com\/sk\/#website","url":"https:\/\/sekvoiaseating.com\/sk\/","name":"Sekvoia","description":"","inLanguage":"sk-SK"}]}},"_links":{"self":[{"href":"https:\/\/sekvoiaseating.com\/sk\/wp-json\/wp\/v2\/pages\/1721"}],"collection":[{"href":"https:\/\/sekvoiaseating.com\/sk\/wp-json\/wp\/v2\/pages"}],"about":[{"href":"https:\/\/sekvoiaseating.com\/sk\/wp-json\/wp\/v2\/types\/page"}],"author":[{"embeddable":true,"href":"https:\/\/sekvoiaseating.com\/sk\/wp-json\/wp\/v2\/users\/2"}],"replies":[{"embeddable":true,"href":"https:\/\/sekvoiaseating.com\/sk\/wp-json\/wp\/v2\/comments?post=1721"}],"version-history":[{"count":5,"href":"https:\/\/sekvoiaseating.com\/sk\/wp-json\/wp\/v2\/pages\/1721\/revisions"}],"predecessor-version":[{"id":2069,"href":"https:\/\/sekvoiaseating.com\/sk\/wp-json\/wp\/v2\/pages\/1721\/revisions\/2069"}],"wp:attachment":[{"href":"https:\/\/sekvoiaseating.com\/sk\/wp-json\/wp\/v2\/media?parent=1721"}],"curies":[{"name":"wp","href":"https:\/\/api.w.org\/{rel}","templated":true}]}}