{"id":1661,"date":"2016-03-18T15:40:24","date_gmt":"2016-03-18T15:40:24","guid":{"rendered":"https:\/\/sekvoiaseating.com\/front-page\/"},"modified":"2022-03-10T15:40:29","modified_gmt":"2022-03-10T15:40:29","slug":"front-page","status":"publish","type":"page","link":"https:\/\/sekvoiaseating.com\/sk\/","title":{"rendered":"\u00davodn\u00e1 str\u00e1nka"},"content":{"rendered":"","protected":false},"excerpt":{"rendered":"","protected":false},"author":1,"featured_media":0,"parent":0,"menu_order":0,"comment_status":"closed","ping_status":"closed","template":"","meta":{"ngg_post_thumbnail":0,"footnotes":""},"yoast_head":"<!-- This site is optimized with the Yoast SEO plugin v21.4 - https:\/\/yoast.com\/wordpress\/plugins\/seo\/ -->\n<title>V\u00fdrobca sedadiel \u0161it\u00fdch priamo na mieru | Sekvoia<\/title>\n<meta name=\"description\" content=\"Vyr\u00e1bame seda\u010dky \u0161it\u00e9 na mieru. Vybavujeme divadla, posluch\u00e1rne, u\u010debne aj koncertova\u0165 s\u00e1ly. Stavte na profesion\u00e1lov. Efekt\u00edvne a origin\u00e1lne rie\u0161enie.\" \/>\n<meta name=\"robots\" content=\"index, follow, max-snippet:-1, max-image-preview:large, max-video-preview:-1\" \/>\n<meta property=\"og:locale\" content=\"sk_SK\" \/>\n<meta property=\"og:type\" content=\"article\" \/>\n<meta property=\"og:title\" content=\"V\u00fdrobca sedadiel \u0161it\u00fdch priamo na mieru | Sekvoia\" \/>\n<meta property=\"og:description\" content=\"Vyr\u00e1bame seda\u010dky \u0161it\u00e9 na mieru. Vybavujeme divadla, posluch\u00e1rne, u\u010debne aj koncertova\u0165 s\u00e1ly. Stavte na profesion\u00e1lov. Efekt\u00edvne a origin\u00e1lne rie\u0161enie.\" \/>\n<meta property=\"og:url\" content=\"https:\/\/sekvoiaseating.com\/sk\/\" \/>\n<meta property=\"og:site_name\" content=\"Sekvoia\" \/>\n<meta property=\"article:modified_time\" content=\"2022-03-10T15:40:29+00:00\" \/>\n<meta name=\"twitter:card\" content=\"summary_large_image\" \/>\n<!-- \/ Yoast SEO plugin. -->","yoast_head_json":{"title":"V\u00fdrobca sedadiel \u0161it\u00fdch priamo na mieru | Sekvoia","description":"Vyr\u00e1bame seda\u010dky \u0161it\u00e9 na mieru. Vybavujeme divadla, posluch\u00e1rne, u\u010debne aj koncertova\u0165 s\u00e1ly. Stavte na profesion\u00e1lov. Efekt\u00edvne a origin\u00e1lne rie\u0161enie.","robots":{"index":"index","follow":"follow","max-snippet":"max-snippet:-1","max-image-preview":"max-image-preview:large","max-video-preview":"max-video-preview:-1"},"og_locale":"sk_SK","og_type":"article","og_title":"V\u00fdrobca sedadiel \u0161it\u00fdch priamo na mieru | Sekvoia","og_description":"Vyr\u00e1bame seda\u010dky \u0161it\u00e9 na mieru. Vybavujeme divadla, posluch\u00e1rne, u\u010debne aj koncertova\u0165 s\u00e1ly. Stavte na profesion\u00e1lov. Efekt\u00edvne a origin\u00e1lne rie\u0161enie.","og_url":"https:\/\/sekvoiaseating.com\/sk\/","og_site_name":"Sekvoia","article_modified_time":"2022-03-10T15:40:29+00:00","twitter_card":"summary_large_image","schema":{"@context":"https:\/\/schema.org","@graph":[{"@type":"WebPage","@id":"https:\/\/sekvoiaseating.com\/sk\/","url":"https:\/\/sekvoiaseating.com\/sk\/","name":"V\u00fdrobca sedadiel \u0161it\u00fdch priamo na mieru | Sekvoia","isPartOf":{"@id":"https:\/\/sekvoiaseating.com\/sk\/#website"},"datePublished":"2016-03-18T15:40:24+00:00","dateModified":"2022-03-10T15:40:29+00:00","description":"Vyr\u00e1bame seda\u010dky \u0161it\u00e9 na mieru. Vybavujeme divadla, posluch\u00e1rne, u\u010debne aj koncertova\u0165 s\u00e1ly. Stavte na profesion\u00e1lov. Efekt\u00edvne a origin\u00e1lne rie\u0161enie.","breadcrumb":{"@id":"https:\/\/sekvoiaseating.com\/sk\/#breadcrumb"},"inLanguage":"sk-SK","potentialAction":[{"@type":"ReadAction","target":["https:\/\/sekvoiaseating.com\/sk\/"]}]},{"@type":"BreadcrumbList","@id":"https:\/\/sekvoiaseating.com\/sk\/#breadcrumb","itemListElement":[{"@type":"ListItem","position":1,"name":"Home","item":"https:\/\/sekvoiaseating.com\/sk\/"},{"@type":"ListItem","position":2,"name":"\u00davodn\u00e1 str\u00e1nka"}]},{"@type":"WebSite","@id":"https:\/\/sekvoiaseating.com\/sk\/#website","url":"https:\/\/sekvoiaseating.com\/sk\/","name":"Sekvoia","description":"","inLanguage":"sk-SK"}]}},"_links":{"self":[{"href":"https:\/\/sekvoiaseating.com\/sk\/wp-json\/wp\/v2\/pages\/1661"}],"collection":[{"href":"https:\/\/sekvoiaseating.com\/sk\/wp-json\/wp\/v2\/pages"}],"about":[{"href":"https:\/\/sekvoiaseating.com\/sk\/wp-json\/wp\/v2\/types\/page"}],"author":[{"embeddable":true,"href":"https:\/\/sekvoiaseating.com\/sk\/wp-json\/wp\/v2\/users\/1"}],"replies":[{"embeddable":true,"href":"https:\/\/sekvoiaseating.com\/sk\/wp-json\/wp\/v2\/comments?post=1661"}],"version-history":[{"count":2,"href":"https:\/\/sekvoiaseating.com\/sk\/wp-json\/wp\/v2\/pages\/1661\/revisions"}],"predecessor-version":[{"id":1692,"href":"https:\/\/sekvoiaseating.com\/sk\/wp-json\/wp\/v2\/pages\/1661\/revisions\/1692"}],"wp:attachment":[{"href":"https:\/\/sekvoiaseating.com\/sk\/wp-json\/wp\/v2\/media?parent=1661"}],"curies":[{"name":"wp","href":"https:\/\/api.w.org\/{rel}","templated":true}]}}