{"id":1703,"date":"2018-06-29T11:04:36","date_gmt":"2018-06-29T11:04:36","guid":{"rendered":"https:\/\/sekvoiaseating.com\/vseobecne-obchodni-podminky\/"},"modified":"2022-03-10T15:24:41","modified_gmt":"2022-03-10T15:24:41","slug":"terms-and-conditions","status":"publish","type":"page","link":"https:\/\/sekvoiaseating.com\/en\/terms-and-conditions\/","title":{"rendered":"Terms and conditions"},"content":{"rendered":"<p style=\"text-align: center;\"><strong>I.<\/strong><\/p>\n<p style=\"text-align: center;\"><strong>Obecn\u00e1 ustanoven\u00ed <\/strong><\/p>\n<p>&nbsp;<\/p>\n<ol>\n<li>Pokud je v t\u011bchto V\u0161eobecn\u00fdch obchodn\u00edch podm\u00ednk\u00e1ch (d\u00e1le jen VOP) pou\u017eito ozna\u010den\u00ed \u201efa Sekvoia\u201c, je t\u00edm m\u00edn\u011bna firma Sekvoia s.r.o..<\/li>\n<\/ol>\n<p>&nbsp;<\/p>\n<ol start=\"2\">\n<li>Tyto VOP jsou ned\u00edlnou sou\u010d\u00e1st\u00ed kupn\u00edch smluv, smluv o d\u00edlo \u010di servisn\u00edch smluv jako\u017e i jin\u00fdch smluvn\u00edch vztah\u016f, uzav\u00edran\u00fdch mezi firmou Sekvoia s.r.o. a jej\u00edmi odb\u011brateli v oblasti dod\u00e1vek (prodeje) sedac\u00edch syst\u00e9m\u016f. Textov\u00e9 formulace uveden\u00e9 ve smlouv\u011b jsou nad\u0159azen\u00e9 t\u011bmto VOP. Dohodnou-li se smluvn\u00ed strany na jin\u00fdch podm\u00ednk\u00e1ch, ne\u017e jsou uvedeny v t\u011bchto VOP, je tato dohoda platn\u00e1 pouze za p\u0159edpokladu p\u00edsemn\u00e9 formy t\u00e9to dohody a to jen ve zn\u011bn\u00ed jednotliv\u00fdch odchyln\u00fdch ustanoven\u00ed v p\u0159\u00edslu\u0161n\u00fdch smlouv\u00e1ch nebo dodatc\u00edch k nim, stvrzen\u00fdch podpisy opr\u00e1vn\u011bn\u00fdch z\u00e1stupc\u016f smluvn\u00edch stran.<\/li>\n<\/ol>\n<p>&nbsp;<\/p>\n<ol start=\"3\">\n<li>Je-li zak\u00e1zka realizov\u00e1na bez smlouvy, pouze na z\u00e1klad\u011b z\u00e1vazn\u00e9 p\u00edsemn\u00e9 objedn\u00e1vky, jsou textov\u00e9 formulace uveden\u00e9 v objedn\u00e1vce nad\u0159azen\u00e9 t\u011bmto VOP. V bodech, kde nedoch\u00e1z\u00ed k rozporu mezi textem z\u00e1vazn\u00e9 objedn\u00e1vky a t\u011bmito VOP, plat\u00ed v pln\u00e9m rozsahu tyto v\u0161eobecn\u00e9 obchodn\u00ed podm\u00ednky.<\/li>\n<\/ol>\n<p>&nbsp;<\/p>\n<ol start=\"4\">\n<li>Tyto VOP maj\u00ed p\u0159ednost p\u0159ed jak\u00fdmikoliv jin\u00fdmi obchodn\u00edmi podm\u00ednkami kupuj\u00edc\u00edho. VOP jsou ve\u0159ejn\u00e9, voln\u011b dostupn\u00e9 v sekretari\u00e1tu fy Sekvoia s.r.o..<\/li>\n<\/ol>\n<p>&nbsp;<\/p>\n<ol start=\"5\">\n<li>Vztahy neupraven\u00e9 smlouvou nebo t\u011bmito VOP se \u0159\u00edd\u00ed platn\u00fdmi legislativn\u00edmi p\u0159edpisy Slovensk\u00e9 republiky. Pro \u0159e\u0161en\u00ed p\u0159\u00edpadn\u00fdch spor\u016f je rozhoduj\u00edc\u00ed slovensk\u00e9 pr\u00e1vo.<\/li>\n<\/ol>\n<p>&nbsp;<\/p>\n<ol start=\"6\">\n<li>Vedlej\u0161\u00ed ujedn\u00e1n\u00ed a jak\u00e9koliv zm\u011bny uzav\u0159en\u00e9 smlouvy vy\u017eaduj\u00ed p\u00edsemnou formu s p\u0159ipojen\u00fdm podpisem obou smluvn\u00edch stran.<\/li>\n<\/ol>\n<p>&nbsp;<\/p>\n<ol start=\"7\">\n<li>Smluvn\u00ed partner fy Sekvoia s.r.o. nesm\u00ed bez v\u00fdslovn\u00e9ho p\u00edsemn\u00e9ho souhlasu fy Sekvoia s.r.o. postoupit pr\u00e1va z t\u00e9to smlouvy t\u0159et\u00edm osob\u00e1m nebo je zastavit.<\/li>\n<\/ol>\n<p>&nbsp;<\/p>\n<p style=\"text-align: center;\"><strong>II.<\/strong><\/p>\n<p style=\"text-align: center;\"><strong>Prodejn\u00ed a dodac\u00ed podm\u00ednky (d\u00e1le PDP)<\/strong><\/p>\n<p><strong>&nbsp;<\/strong><\/p>\n<ol>\n<li>Tyto PDP plat\u00ed pro v\u0161echny zak\u00e1zky fy Sekvoia s.r.o. realizovan\u00e9 na z\u00e1klad\u011b smlouvy nebo z\u00e1vazn\u00e9 p\u00edsemn\u00e9 objedn\u00e1vky. Kupn\u00ed smlouvy, smlouvy o d\u00edlo a dal\u0161\u00ed smlouvy zm\u00edn\u011bn\u00e9 pod bodem 2 \u010dl\u00e1nku I. nab\u00fdvaj\u00ed \u00fa\u010dinnosti jejich podpisem opr\u00e1vn\u011bn\u00fdmi z\u00e1stupci obou smluvn\u00edch stran.<\/li>\n<\/ol>\n<p>&nbsp;<\/p>\n<ol start=\"2\">\n<li>Fa Sekvoia s.r.o. zpracov\u00e1v\u00e1 nab\u00eddky na z\u00e1klad\u011b zad\u00e1n\u00ed a tyto jsou, a\u017e do p\u00edsemn\u00e9ho potvrzen\u00ed objedn\u00e1vky, nez\u00e1vazn\u00e9. Objednatel je povinen nab\u00eddku ov\u011b\u0159it z hlediska sv\u00fdch pot\u0159eb a p\u0159i vzniku rozpor\u016f nebo nejasnost\u00ed o tomto v\u00fdsledku informuje firmu Sekvoia s.r.o. s uveden\u00edm konkr\u00e9tn\u00edho vyj\u00e1d\u0159en\u00ed k technick\u00e9mu \u0159e\u0161en\u00ed nab\u00edzen\u00e9ho d\u00edla, z\u00e1stavb\u011b do st\u00e1vaj\u00edc\u00ed technologie apod.<\/li>\n<\/ol>\n<p>Fa Sekvoia s.r.o. si vyhrazuje vlastnick\u00e9 pr\u00e1vo a autorsk\u00e1 pr\u00e1va na nab\u00edzen\u00e1 \u0159e\u0161en\u00ed, p\u0159edan\u00e9 vzory, n\u00e1\u010drtky a technick\u00e9 v\u00fdkresy. Objednatel se zavazuje nep\u0159ed\u00e1vat tyto je t\u0159et\u00edm osob\u00e1m.<\/p>\n<p>&nbsp;<\/p>\n<ol start=\"3\">\n<li>Pro rozsah a podm\u00ednky dod\u00e1vky je ur\u010duj\u00edc\u00ed potvrzen\u00ed objedn\u00e1vky resp. obsah p\u0159\u00edslu\u0161n\u00e9 smlouvy.<\/li>\n<\/ol>\n<p>&nbsp;<\/p>\n<ol start=\"4\">\n<li>Nebude-li smluvn\u00edmi stranami dohodnuto jinak, bude objedn\u00e1vka resp. kupn\u00ed smlouva \u010di smlouva o d\u00edlo obsahovat zejm\u00e9na tyto \u00fadaje:<\/li>\n<\/ol>\n<p>&nbsp;<\/p>\n<ul>\n<li>identifika\u010dn\u00ed \u00fadaje o firm\u00e1ch kupuj\u00edc\u00edho a prod\u00e1vaj\u00edc\u00edho<\/li>\n<li>odkaz na objedn\u00e1vku, jej\u00ed \u010d\u00edslo a datum vystaven\u00ed<\/li>\n<li>kontaktn\u00ed osobu odb\u011bratele, opr\u00e1vn\u011bnou jednat ve v\u011bcech objedn\u00e1vky, v\u010detn\u011b spojen\u00ed (e-mail, mobil, p\u0159\u00edpadn\u011b jin\u00fd telefon, fax) &#8211; p\u0159edm\u011bt dod\u00e1vky:<\/li>\n<\/ul>\n<p style=\"padding-left: 60px;\">&nbsp; po\u010det ks<\/p>\n<p style=\"padding-left: 60px;\">&nbsp; rozm\u011brov\u00e9 a jakostn\u00ed \u00fadaje<\/p>\n<p style=\"padding-left: 60px;\">&nbsp; \u00fadaje o materi\u00e1lu (jakost, normy, atest, dodavatel)&nbsp;&nbsp; povrchov\u00e1 ochrana<\/p>\n<p style=\"padding-left: 60px;\">&nbsp; cenov\u00e9 ujedn\u00e1n\u00ed, fakturace a platebn\u00ed podm\u00ednky (z\u00e1lohy, etapov\u00e1 fakturace)&nbsp;&nbsp; mont\u00e1\u017en\u00ed podm\u00ednky&nbsp;&nbsp; po\u017eadavek na zku\u0161ebn\u00ed filtr&nbsp;&nbsp; servisn\u00ed smlouva&nbsp;&nbsp; dodac\u00ed lh\u016fty&nbsp;&nbsp; zp\u016fsob pln\u011bn\u00ed (d\u00edl\u010d\u00ed dod\u00e1vky)&nbsp;&nbsp; po\u017eadavky na zabalen\u00ed<\/p>\n<p style=\"padding-left: 60px;\">&nbsp; zp\u016fsob odb\u011bru zbo\u017e\u00ed, po\u017eadavky na dopravu<\/p>\n<p>&nbsp;<\/p>\n<p>Chyb\u011bj\u00edc\u00ed \u00fadaje budou dopln\u011bny firmou Sekvoia s.r.o. do n\u00e1vrhu smlouvy nebo budou firmou Sekvoia s.r.o. uvedeny do potvrzen\u00ed objedn\u00e1vky.<\/p>\n<p>&nbsp;<\/p>\n<ol start=\"5\">\n<li>N\u00e1klady na dopl\u0148kov\u00e1 za\u0159\u00edzen\u00ed, jejich\u017e pot\u0159eba vyplyne m\u00edstn\u00edch podm\u00ednek nebo spojen\u00ed s technologi\u00ed objednatele, dodate\u010dn\u00e9 po\u017eadavky objednatele nebo zm\u011bny \u010di z\u00e1konn\u00e9 po\u017eadavky vznikl\u00e9 po uzav\u0159en\u00ed smlouvy, nese kupuj\u00edc\u00ed. Kupuj\u00edc\u00ed nese tak\u00e9 n\u00e1klady na stavebn\u00ed pr\u00e1ce, kter\u00e9 jsou pot\u0159ebn\u00e9 pro instalaci dod\u00e1van\u00e9ho za\u0159\u00edzen\u00ed.<\/li>\n<\/ol>\n<p>&nbsp;<\/p>\n<ol start=\"6\">\n<li>Smluvn\u00ed strany se mohou dohodnout na d\u00edl\u010d\u00edch dod\u00e1vk\u00e1ch a etapov\u00e9 fakturaci.<\/li>\n<\/ol>\n<p>&nbsp;<\/p>\n<ol start=\"7\">\n<li>Dodac\u00ed lh\u016fta po\u010d\u00edn\u00e1 b\u011b\u017eet datem uveden\u00fdm v p\u0159\u00edslu\u0161n\u00e9 smlouv\u011b.<\/li>\n<\/ol>\n<p>&nbsp;<\/p>\n<ol start=\"8\">\n<li>Dodr\u017een\u00ed dodac\u00ed lh\u016fty je podm\u00edn\u011bno spln\u011bn\u00edm v\u0161ech smluvn\u00edch povinnost\u00ed kupuj\u00edc\u00edho (odb\u011bratele), zejm\u00e9na pak \u00fahrady dohodnut\u00fdch z\u00e1loh a spln\u011bn\u00ed oboustrann\u00fdch v\u00fdkon\u016f.<\/li>\n<\/ol>\n<p>&nbsp;<\/p>\n<ol start=\"9\">\n<li>Bude-li kupuj\u00edc\u00ed po\u017eadovat zm\u011bny po potvrzen\u00ed objedn\u00e1vky nebo zpozd\u00ed-li v\u00fdkony n\u00e1le\u017eej\u00edc\u00ed podle smlouvy jemu, prodlou\u017e\u00ed se dodac\u00ed lh\u016fta o \u010das, kter\u00fd je pot\u0159eba k proveden\u00ed zm\u011bn a k tomu o dal\u0161\u00edch 7 pracovn\u00edch dn\u016f.<\/li>\n<\/ol>\n<p>&nbsp;<\/p>\n<ol start=\"10\">\n<li>Dodac\u00ed lh\u016fta plat\u00ed za dodr\u017eenou, jestli\u017ee do jej\u00edho uplynut\u00ed p\u0159edm\u011bt dod\u00e1vky opustil z\u00e1vod prod\u00e1vaj\u00edc\u00edho nebo byla-li v \u0159\u00e1dn\u00e9m term\u00ednu kupuj\u00edc\u00edmu ozn\u00e1mena p\u0159ipravenost dod\u00e1vky k odesl\u00e1n\u00ed.<\/li>\n<\/ol>\n<p>&nbsp;<\/p>\n<ol start=\"11\">\n<li>Jde-li jen o dod\u00e1vku zbo\u017e\u00ed, p\u0159ech\u00e1z\u00ed riziko z odesl\u00e1n\u00ed dod\u00e1vky (zejm\u00e9na kr\u00e1de\u017e, po\u0161kozen\u00ed, zni\u010den\u00ed) na kupuj\u00edc\u00edho. Odesl\u00e1n\u00ed plat\u00ed za dokonan\u00e9, jakmile p\u0159edm\u011bt dod\u00e1vky opust\u00ed z\u00e1vod prod\u00e1vaj\u00edc\u00edho.<\/li>\n<\/ol>\n<p>&nbsp;<\/p>\n<ol start=\"12\">\n<li>Byla-li smluvn\u011b dohodnuta p\u0159ej\u00edmka, je jej\u00ed proveden\u00ed ur\u010duj\u00edc\u00ed pro p\u0159echod rizika z odesl\u00e1n\u00ed. P\u0159ej\u00edmka v\u0161ak mus\u00ed b\u00fdt kupuj\u00edc\u00edm provedena bezodkladn\u011b tj. do t\u0159\u00ed dn\u016f po ozn\u00e1men\u00ed o p\u0159ipravenosti a kupuj\u00edc\u00ed nem\u016f\u017ee p\u0159evzet\u00ed odm\u00edtat pro zji\u0161t\u011bn\u00ed nepodstatn\u00fdch z\u00e1vad.<\/li>\n<\/ol>\n<p>&nbsp;<\/p>\n<ol start=\"13\">\n<li>P\u0159i dod\u00e1vk\u00e1ch za\u0159\u00edzen\u00ed v\u010detn\u011b mont\u00e1\u017ee je z\u00e1kazn\u00edk (kupuj\u00edc\u00ed, objednatel) povinen p\u0159evz\u00edt za\u0159\u00edzen\u00ed. P\u0159ed\u00e1n\u00ed resp. p\u0159evzet\u00ed bude provedeno i p\u0159i zji\u0161t\u011bn\u00ed nepodstatn\u00fdch vad. P\u0159ed p\u0159ed\u00e1n\u00edm nen\u00ed dovoleno, nen\u00ed-li k tomu p\u00edsemn\u011b d\u00e1n souhlas firmou Sekvoia s.r.o., aby bylo za\u0159\u00edzen\u00ed u\u017eivatelem provozov\u00e1no. Dojde-li k takov\u00e9mu provozov\u00e1n\u00ed za\u0159\u00edzen\u00ed, je to zcela na riziko kupuj\u00edc\u00edho, v\u010detn\u011b \u00fahrady \u0161kod na za\u0159\u00edzen\u00ed z titulu p\u0159ed\u010dasn\u00e9ho uveden\u00ed za\u0159\u00edzen\u00ed do provozu.<\/li>\n<\/ol>\n<p>&nbsp;<\/p>\n<ol start=\"14\">\n<li>Dostane-li se objednatel (kupuj\u00edc\u00ed) do prodlen\u00ed s \u00fahradou faktur, je dodavatel (prod\u00e1vaj\u00edc\u00ed) opr\u00e1vn\u011bn po\u017eadovat smluvn\u00ed pokutu ve v\u00fd\u0161i 0,5% z hodnoty zpo\u017ed\u011bn\u00e9 platby za ka\u017ed\u00fd t\u00fdden prodlen\u00ed.<\/li>\n<\/ol>\n<p>&nbsp;<\/p>\n<ol start=\"15\">\n<li>Pokud se kdykoliv v pr\u016fb\u011bhu realizace zak\u00e1zky projev\u00ed, \u017ee p\u0159edm\u011bt pln\u011bn\u00ed nem\u016f\u017ee b\u00fdt dod\u00e1n v souladu s term\u00edny pln\u011bn\u00ed a to z viny objednatele (kupuj\u00edc\u00edho), mus\u00ed o tom objednatel (kupuj\u00edc\u00ed) p\u00edsemn\u011b informovat dodavatele s ud\u00e1n\u00edm n\u00e1hradn\u00edho, co nejd\u0159\u00edve mo\u017en\u00e9ho term\u00ednu pln\u011bn\u00ed, a to bez odkladu, av\u0161ak v \u017e\u00e1dn\u00e9m p\u0159\u00edpad\u011b nejpozd\u011bji do 5-ti dn\u016f od doby, kdy mu bylo zpo\u017ed\u011bn\u00ed nebo pravd\u011bpodobn\u00e1 mo\u017enost zpo\u017ed\u011bn\u00ed zn\u00e1ma.<\/li>\n<\/ol>\n<p>&nbsp;<\/p>\n<ol start=\"16\">\n<li>Cena se stanov\u00ed dohodou obou smluvn\u00edch stran a je pevn\u00e1.<\/li>\n<\/ol>\n<p>&nbsp;<\/p>\n<p>Ceny dod\u00e1van\u00e9ho za\u0159\u00edzen\u00ed jsou fco z\u00e1vod a neobsahuj\u00ed \u017e\u00e1dn\u00e9 vedlej\u0161\u00ed n\u00e1klady, jako nap\u0159. balen\u00ed, clo, p\u0159epravn\u00e9 na m\u00edsto instalace, slo\u017een\u00ed n\u00e1kladu, stejn\u011b jako DPH a poji\u0161t\u011bn\u00ed, bylo-li poji\u0161t\u011bn\u00ed na \u017e\u00e1dost kupuj\u00edc\u00edho zaji\u0161t\u011bno prod\u00e1vaj\u00edc\u00edm.<\/p>\n<p>&nbsp;<\/p>\n<ol start=\"17\">\n<li>Pokud nen\u00ed dohodnuto jinak, poskytne kupuj\u00edc\u00ed tyto platby na bankovn\u00ed \u00fa\u010det fy Sekvoia s.r.o.:<\/li>\n<\/ol>\n<p style=\"padding-left: 60px;\">60% z\u00e1loha z celkov\u00e9 kupn\u00ed ceny po obdr\u017een\u00ed potvrzen\u00ed objedn\u00e1vky<\/p>\n<p style=\"padding-left: 60px;\">30% z ceny celkov\u00e9ho p\u0159edm\u011btu dod\u00e1vky, jakmile bude dod\u00e1vka p\u0159ipravena k odesl\u00e1n\u00ed<\/p>\n<p style=\"padding-left: 60px;\">10% z kupn\u00ed ceny b\u011bhem m\u011bs\u00edce od p\u0159ed\u00e1n\u00ed dod\u00e1vky<\/p>\n<p>&nbsp;<\/p>\n<ol start=\"18\">\n<li>P\u0159i prodlen\u00ed s \u00fahradou faktur za dod\u00e1vky je fa Sekvoia s.r.o. opr\u00e1vn\u011bna \u00fa\u010dtovat \u00faroky 0,5% za ka\u017ed\u00fd t\u00fdden prodlen\u00ed do v\u00fd\u0161e 5% z celkov\u00e9 kupn\u00ed ceny, p\u0159i d\u00e1le trvaj\u00edc\u00edm prodlen\u00ed pak \u00faroky z prodlen\u00ed ve v\u00fd\u0161i repro sazby stanoven\u00e9 \u010ceskou n\u00e1rodn\u00ed bankou, zv\u00fd\u0161en\u00e9 o 7 procentn\u00edch bod\u016f (na\u0159\u00edzen\u00ed vl\u00e1dy \u010d.163\/2005 Sb.).<\/li>\n<\/ol>\n<p>&nbsp;<\/p>\n<ol start=\"19\">\n<li>Kupuj\u00edc\u00ed nen\u00ed opr\u00e1vn\u011bn zadr\u017eovat platby nebo uplat\u0148ovat z\u00e1po\u010det vz\u00e1jemn\u00fdch pohled\u00e1vek bez v\u00fdslovn\u00e9ho p\u00edsemn\u00e9ho souhlasu prod\u00e1vaj\u00edc\u00edho.<\/li>\n<\/ol>\n<p>&nbsp;<\/p>\n<ol start=\"20\">\n<li>Z\u00e1ruka na dodan\u00e1 za\u0159\u00edzen\u00ed \u010din\u00ed 24 m\u011bs\u00edc\u016f. Z\u00e1ru\u010dn\u00ed lh\u016fta po\u010d\u00edn\u00e1 b\u011b\u017eet od data dod\u00e1vky, nen\u00ed-li dohodnuto jinak. Na \u017e\u00e1dost kupuj\u00edc\u00edho a s p\u0159ihl\u00e9dnut\u00edm k charakteristice provozu m\u016f\u017ee b\u00fdt dohodnuta i z\u00e1ruka del\u0161\u00ed, zejm\u00e9na v\u0161ak za podm\u00ednky uzav\u0159en\u00ed dlouhodob\u00e9 servisn\u00ed smlouvy. Z\u00e1ruka na za\u0159\u00edzen\u00ed pozb\u00fdv\u00e1 platnosti, pokud dojde ze strany objednatele (kupuj\u00edc\u00edho, provozovatele) k&nbsp;neodborn\u00fdm z\u00e1sah\u016fm do za\u0159\u00edzen\u00ed bez domluvy s&nbsp;v\u00fdrobcem (dodavatelem).<\/li>\n<\/ol>\n<p>&nbsp;<\/p>\n<ol start=\"21\">\n<li>Fa Sekvoia s.r.o. neru\u010d\u00ed za \u0161kody na za\u0159\u00edzen\u00ed \u010di majetku objednatele (kupuj\u00edc\u00edho, provozovatele) vznikl\u00e9 v d\u016fsledku provozov\u00e1n\u00ed n\u00e1mi dodan\u00fdch za\u0159\u00edzen\u00ed.<\/li>\n<\/ol>\n<p>&nbsp;<\/p>\n<ol start=\"22\">\n<li>Fa Sekvoia s.r.o. neru\u010d\u00ed za \u0161kody na za\u0159\u00edzen\u00ed \u010di majetku t\u0159et\u00edch osob vznikl\u00e9 v d\u016fsledku provozov\u00e1n\u00ed n\u00e1mi dodan\u00fdch za\u0159\u00edzen\u00ed.<\/li>\n<\/ol>\n<p>&nbsp;<\/p>\n<ol start=\"23\">\n<li>Dodan\u00e9 zbo\u017e\u00ed z\u016fst\u00e1v\u00e1 a\u017e do \u00fapln\u00e9ho zaplacen\u00ed vlastnictv\u00edm fy Sekvoia s.r.o..<\/li>\n<\/ol>\n<p>&nbsp;<\/p>\n<ol start=\"24\">\n<li>S realizac\u00ed smlouvy o d\u00edlo b\u00fdvaj\u00ed spojeny mont\u00e1\u017ee za\u0159\u00edzen\u00ed a instalace dod\u00e1vky do st\u00e1vaj\u00edc\u00ed technologie kupuj\u00edc\u00edho. Mont\u00e1\u017en\u00ed podm\u00ednky budou p\u0159edm\u011btem p\u0159\u00edslu\u0161n\u00e9 smlouvy a budou p\u0159ihl\u00ed\u017eet ke konkr\u00e9tn\u00edm podm\u00ednk\u00e1m dan\u00e9ho provozu.<\/li>\n<\/ol>\n<p>&nbsp;<\/p>\n<p style=\"text-align: center;\"><strong>Tyto \u201eV\u0161eobecn\u00e9 obchodn\u00ed podm\u00ednky\u201c s platnost\u00ed od 15.10.2013 vydal: <\/strong><\/p>\n<p>&nbsp;<br \/>\nIng. Peter Vizv\u00e1ry<br \/>\nprokurista spole\u010dnosti Sekvoia s.r.o.<\/p>\n","protected":false},"excerpt":{"rendered":"<p>I. Obecn\u00e1 ustanoven\u00ed &nbsp; Pokud je v t\u011bchto V\u0161eobecn\u00fdch obchodn\u00edch podm\u00ednk\u00e1ch (d\u00e1le jen VOP) pou\u017eito ozna\u010den\u00ed \u201efa Sekvoia\u201c, je t\u00edm m\u00edn\u011bna firma Sekvoia s.r.o.. &nbsp;<\/p>\n","protected":false},"author":2,"featured_media":0,"parent":0,"menu_order":0,"comment_status":"closed","ping_status":"closed","template":"","meta":{"ngg_post_thumbnail":0,"footnotes":""},"yoast_head":"<!-- This site is optimized with the Yoast SEO plugin v21.4 - https:\/\/yoast.com\/wordpress\/plugins\/seo\/ -->\n<title>Terms and conditions | Sekvoia<\/title>\n<meta name=\"robots\" content=\"index, follow, max-snippet:-1, max-image-preview:large, max-video-preview:-1\" \/>\n<meta property=\"og:locale\" content=\"en_US\" \/>\n<meta property=\"og:type\" content=\"article\" \/>\n<meta property=\"og:title\" content=\"Terms and conditions | Sekvoia\" \/>\n<meta property=\"og:description\" content=\"I. Obecn\u00e1 ustanoven\u00ed &nbsp; Pokud je v t\u011bchto V\u0161eobecn\u00fdch obchodn\u00edch podm\u00ednk\u00e1ch (d\u00e1le jen VOP) pou\u017eito ozna\u010den\u00ed \u201efa Sekvoia\u201c, je t\u00edm m\u00edn\u011bna firma Sekvoia s.r.o.. &nbsp;\" \/>\n<meta property=\"og:url\" content=\"https:\/\/sekvoiaseating.com\/en\/terms-and-conditions\/\" \/>\n<meta property=\"og:site_name\" content=\"Sekvoia\" \/>\n<meta property=\"article:modified_time\" content=\"2022-03-10T15:24:41+00:00\" \/>\n<meta name=\"twitter:card\" content=\"summary_large_image\" \/>\n<meta name=\"twitter:label1\" content=\"Est. reading time\" \/>\n\t<meta name=\"twitter:data1\" content=\"9 minutes\" \/>\n<!-- \/ Yoast SEO plugin. -->","yoast_head_json":{"title":"Terms and conditions | Sekvoia","robots":{"index":"index","follow":"follow","max-snippet":"max-snippet:-1","max-image-preview":"max-image-preview:large","max-video-preview":"max-video-preview:-1"},"og_locale":"en_US","og_type":"article","og_title":"Terms and conditions | Sekvoia","og_description":"I. Obecn\u00e1 ustanoven\u00ed &nbsp; Pokud je v t\u011bchto V\u0161eobecn\u00fdch obchodn\u00edch podm\u00ednk\u00e1ch (d\u00e1le jen VOP) pou\u017eito ozna\u010den\u00ed \u201efa Sekvoia\u201c, je t\u00edm m\u00edn\u011bna firma Sekvoia s.r.o.. &nbsp;","og_url":"https:\/\/sekvoiaseating.com\/en\/terms-and-conditions\/","og_site_name":"Sekvoia","article_modified_time":"2022-03-10T15:24:41+00:00","twitter_card":"summary_large_image","twitter_misc":{"Est. reading time":"9 minutes"},"schema":{"@context":"https:\/\/schema.org","@graph":[{"@type":"WebPage","@id":"https:\/\/sekvoiaseating.com\/en\/terms-and-conditions\/","url":"https:\/\/sekvoiaseating.com\/en\/terms-and-conditions\/","name":"Terms and conditions | Sekvoia","isPartOf":{"@id":"https:\/\/sekvoiaseating.com\/en\/#website"},"datePublished":"2018-06-29T11:04:36+00:00","dateModified":"2022-03-10T15:24:41+00:00","breadcrumb":{"@id":"https:\/\/sekvoiaseating.com\/en\/terms-and-conditions\/#breadcrumb"},"inLanguage":"en-US","potentialAction":[{"@type":"ReadAction","target":["https:\/\/sekvoiaseating.com\/en\/terms-and-conditions\/"]}]},{"@type":"BreadcrumbList","@id":"https:\/\/sekvoiaseating.com\/en\/terms-and-conditions\/#breadcrumb","itemListElement":[{"@type":"ListItem","position":1,"name":"Home","item":"https:\/\/sekvoiaseating.com\/en\/"},{"@type":"ListItem","position":2,"name":"Terms and conditions"}]},{"@type":"WebSite","@id":"https:\/\/sekvoiaseating.com\/en\/#website","url":"https:\/\/sekvoiaseating.com\/en\/","name":"Sekvoia","description":"","inLanguage":"en-US"}]}},"_links":{"self":[{"href":"https:\/\/sekvoiaseating.com\/en\/wp-json\/wp\/v2\/pages\/1703"}],"collection":[{"href":"https:\/\/sekvoiaseating.com\/en\/wp-json\/wp\/v2\/pages"}],"about":[{"href":"https:\/\/sekvoiaseating.com\/en\/wp-json\/wp\/v2\/types\/page"}],"author":[{"embeddable":true,"href":"https:\/\/sekvoiaseating.com\/en\/wp-json\/wp\/v2\/users\/2"}],"replies":[{"embeddable":true,"href":"https:\/\/sekvoiaseating.com\/en\/wp-json\/wp\/v2\/comments?post=1703"}],"version-history":[{"count":1,"href":"https:\/\/sekvoiaseating.com\/en\/wp-json\/wp\/v2\/pages\/1703\/revisions"}],"predecessor-version":[{"id":1705,"href":"https:\/\/sekvoiaseating.com\/en\/wp-json\/wp\/v2\/pages\/1703\/revisions\/1705"}],"wp:attachment":[{"href":"https:\/\/sekvoiaseating.com\/en\/wp-json\/wp\/v2\/media?parent=1703"}],"curies":[{"name":"wp","href":"https:\/\/api.w.org\/{rel}","templated":true}]}}